{"id":13,"date":"2024-07-08T15:37:56","date_gmt":"2024-07-08T12:37:56","guid":{"rendered":"http:\/\/oia.orucerem.com\/index.php\/sepet\/"},"modified":"2024-07-08T15:37:56","modified_gmt":"2024-07-08T12:37:56","slug":"sepet","status":"publish","type":"page","link":"https:\/\/oiaformore.com\/en\/sepet\/","title":{"rendered":"Cart"},"content":{"rendered":"<div data-block-name=\"woocommerce\/cart\" class=\"wp-block-woocommerce-cart alignwide is-loading\"><div data-block-name=\"woocommerce\/filled-cart-block\" class=\"wp-block-woocommerce-filled-cart-block\"><div data-block-name=\"woocommerce\/cart-items-block\" class=\"wp-block-woocommerce-cart-items-block\"><div data-block-name=\"woocommerce\/cart-line-items-block\" class=\"wp-block-woocommerce-cart-line-items-block\"><\/div>\n\n<div data-block-name=\"woocommerce\/cart-cross-sells-block\" class=\"wp-block-woocommerce-cart-cross-sells-block\"><h2 class=\"wp-block-heading has-large-font-size\">\u0130lginizi \u00e7ekebilir\u2026<\/h2>\n\n<div data-block-name=\"woocommerce\/cart-cross-sells-products-block\" class=\"wp-block-woocommerce-cart-cross-sells-products-block\"><\/div><\/div><\/div>\n\n<div data-block-name=\"woocommerce\/cart-totals-block\" class=\"wp-block-woocommerce-cart-totals-block\"><div data-block-name=\"woocommerce\/cart-order-summary-block\" class=\"wp-block-woocommerce-cart-order-summary-block\"><div data-block-name=\"woocommerce\/cart-order-summary-heading-block\" class=\"wp-block-woocommerce-cart-order-summary-heading-block\"><\/div><div data-block-name=\"woocommerce\/cart-order-summary-coupon-form-block\" class=\"wp-block-woocommerce-cart-order-summary-coupon-form-block\"><\/div><div data-block-name=\"woocommerce\/cart-order-summary-totals-block\" class=\"wp-block-woocommerce-cart-order-summary-totals-block\">\n<div data-block-name=\"woocommerce\/cart-order-summary-subtotal-block\" class=\"wp-block-woocommerce-cart-order-summary-subtotal-block\"><\/div>\n<div data-block-name=\"woocommerce\/cart-order-summary-discount-block\" class=\"wp-block-woocommerce-cart-order-summary-discount-block\"><\/div>\n<div data-block-name=\"woocommerce\/cart-order-summary-fee-block\" class=\"wp-block-woocommerce-cart-order-summary-fee-block\"><\/div>\n<div data-block-name=\"woocommerce\/cart-order-summary-shipping-block\" class=\"wp-block-woocommerce-cart-order-summary-shipping-block\"><\/div>\n<div data-block-name=\"woocommerce\/cart-order-summary-taxes-block\" class=\"wp-block-woocommerce-cart-order-summary-taxes-block\"><\/div><\/div><\/div>\n\n<div data-block-name=\"woocommerce\/cart-express-payment-block\" class=\"wp-block-woocommerce-cart-express-payment-block\"><\/div>\n\n<div data-block-name=\"woocommerce\/proceed-to-checkout-block\" class=\"wp-block-woocommerce-proceed-to-checkout-block\"><\/div>\n\n<div data-block-name=\"woocommerce\/cart-accepted-payment-methods-block\" class=\"wp-block-woocommerce-cart-accepted-payment-methods-block\"><\/div><\/div><\/div>\n\n<div data-block-name=\"woocommerce\/empty-cart-block\" class=\"wp-block-woocommerce-empty-cart-block\"><h2 class=\"wp-block-heading has-text-align-center with-empty-cart-icon wc-block-cart__empty-cart__title\">Sepetiniz \u015fu anda bo\u015f!<\/h2>\n\n<hr class=\"wp-block-separator has-alpha-channel-opacity is-style-dots\"\/>\n\n<h2 class=\"wp-block-heading has-text-align-center\">Ma\u011fazada yeni<\/h2>\n\n<div data-block-name=\"woocommerce\/product-new\" data-columns=\"4\" data-rows=\"1\" class=\"wc-block-grid wp-block-product-new wp-block-woocommerce-product-new wc-block-product-new has-4-columns\"><ul class=\"wc-block-grid__products\"><li class=\"wc-block-grid__product\">\n\t\t\t\t<a href=\"https:\/\/oiaformore.com\/en\/product\/3lu-set-gunluk-yogun-nemlendirme\/\" class=\"wc-block-grid__product-link\">\n\t\t\t\t\t\n\t\t\t\t\t<div class=\"wc-block-grid__product-image\"><img decoding=\"async\" width=\"300\" height=\"300\" src=\"https:\/\/oiaformore.com\/wp-content\/uploads\/2025\/05\/OIA-URUN-gorselleri-hepsiburada-1000-x-1000-piksel-1-300x300.jpg\" class=\"attachment-woocommerce_thumbnail size-woocommerce_thumbnail\" alt=\"3&#039;l\u00fc Set G\u00fcnl\u00fck Yo\u011fun Nemlendirme\" srcset=\"https:\/\/oiaformore.com\/wp-content\/uploads\/2025\/05\/OIA-URUN-gorselleri-hepsiburada-1000-x-1000-piksel-1-300x300.jpg 300w, https:\/\/oiaformore.com\/wp-content\/uploads\/2025\/05\/OIA-URUN-gorselleri-hepsiburada-1000-x-1000-piksel-1-150x150.jpg 150w, https:\/\/oiaformore.com\/wp-content\/uploads\/2025\/05\/OIA-URUN-gorselleri-hepsiburada-1000-x-1000-piksel-1-768x768.jpg 768w, https:\/\/oiaformore.com\/wp-content\/uploads\/2025\/05\/OIA-URUN-gorselleri-hepsiburada-1000-x-1000-piksel-1-12x12.jpg 12w, https:\/\/oiaformore.com\/wp-content\/uploads\/2025\/05\/OIA-URUN-gorselleri-hepsiburada-1000-x-1000-piksel-1-600x600.jpg 600w, https:\/\/oiaformore.com\/wp-content\/uploads\/2025\/05\/OIA-URUN-gorselleri-hepsiburada-1000-x-1000-piksel-1-100x100.jpg 100w, https:\/\/oiaformore.com\/wp-content\/uploads\/2025\/05\/OIA-URUN-gorselleri-hepsiburada-1000-x-1000-piksel-1.jpg 1000w\" sizes=\"(max-width: 300px) 100vw, 300px\" \/><\/div>\n\t\t\t\t\t<div class=\"wc-block-grid__product-title\">3&#8217;l\u00fc Set G\u00fcnl\u00fck Yo\u011fun Nemlendirme<\/div>\n\t\t\t\t<\/a>\n\t\t\t\t<div class=\"wc-block-grid__product-price price\"><span class=\"woocommerce-Price-amount amount\"><span class=\"woocommerce-Price-currencySymbol\">&#8378;<\/span>3.950,00<\/span><\/div>\n\t\t\t\t\n\t\t\t\t<div class=\"wp-block-button wc-block-grid__product-add-to-cart\"><a href=\"?add-to-cart=2900\" aria-label=\"Add to cart: \u201c3&#039;l\u00fc Set G\u00fcnl\u00fck Yo\u011fun Nemlendirme\u201d\" data-quantity=\"1\" data-product_id=\"2900\" data-product_sku=\"OIA0061\" data-price=\"3950\" rel=\"nofollow\" class=\"wp-block-button__link  add_to_cart_button ajax_add_to_cart\" data-no-translation=\"\" data-trp-gettext=\"\" data-no-translation-aria-label=\"\">Add to cart<\/a><\/div>\n\t\t\t<\/li><li class=\"wc-block-grid__product\">\n\t\t\t\t<a href=\"https:\/\/oiaformore.com\/en\/product\/2li-dogal-botoks-seti-kalp-shea-hyaluronic-serum\/\" class=\"wc-block-grid__product-link\">\n\t\t\t\t\t\n\t\t\t\t\t<div class=\"wc-block-grid__product-image\"><img decoding=\"async\" width=\"300\" height=\"300\" src=\"https:\/\/oiaformore.com\/wp-content\/uploads\/2025\/04\/155-300x300.jpg\" class=\"attachment-woocommerce_thumbnail size-woocommerce_thumbnail\" alt=\"2&#039;li Do\u011fal Botoks  Seti \/ Kalp \/ Shea Butter Hyaluronic Serum\" srcset=\"https:\/\/oiaformore.com\/wp-content\/uploads\/2025\/04\/155-300x300.jpg 300w, https:\/\/oiaformore.com\/wp-content\/uploads\/2025\/04\/155-150x150.jpg 150w, https:\/\/oiaformore.com\/wp-content\/uploads\/2025\/04\/155-768x768.jpg 768w, https:\/\/oiaformore.com\/wp-content\/uploads\/2025\/04\/155-12x12.jpg 12w, https:\/\/oiaformore.com\/wp-content\/uploads\/2025\/04\/155-600x600.jpg 600w, https:\/\/oiaformore.com\/wp-content\/uploads\/2025\/04\/155-100x100.jpg 100w, https:\/\/oiaformore.com\/wp-content\/uploads\/2025\/04\/155.jpg 1000w\" sizes=\"(max-width: 300px) 100vw, 300px\" \/><\/div>\n\t\t\t\t\t<div class=\"wc-block-grid__product-title\">2&#8217;li Do\u011fal Botoks  Seti \/ Kalp \/ Shea Butter Hyaluronic Serum<\/div>\n\t\t\t\t<\/a>\n\t\t\t\t<div class=\"wc-block-grid__product-price price\"><span class=\"woocommerce-Price-amount amount\"><span class=\"woocommerce-Price-currencySymbol\">&#8378;<\/span>1.850,00<\/span><\/div>\n\t\t\t\t\n\t\t\t\t<div class=\"wp-block-button wc-block-grid__product-add-to-cart\"><a href=\"?add-to-cart=2870\" aria-label=\"Add to cart: \u201c2&#039;li Do\u011fal Botoks  Seti \/ Kalp \/ Shea Butter Hyaluronic Serum\u201d\" data-quantity=\"1\" data-product_id=\"2870\" data-product_sku=\"OIA0066\" data-price=\"1850\" rel=\"nofollow\" class=\"wp-block-button__link  add_to_cart_button ajax_add_to_cart\" data-no-translation=\"\" data-trp-gettext=\"\" data-no-translation-aria-label=\"\">Add to cart<\/a><\/div>\n\t\t\t<\/li><li class=\"wc-block-grid__product\">\n\t\t\t\t<a href=\"https:\/\/oiaformore.com\/en\/product\/2li-dogal-botoks-seti-kare-shea-hyaluronic-serum\/\" class=\"wc-block-grid__product-link\">\n\t\t\t\t\t\n\t\t\t\t\t<div class=\"wc-block-grid__product-image\"><img decoding=\"async\" width=\"300\" height=\"300\" src=\"https:\/\/oiaformore.com\/wp-content\/uploads\/2025\/04\/154-300x300.jpg\" class=\"attachment-woocommerce_thumbnail size-woocommerce_thumbnail\" alt=\"2&#039;li Do\u011fal Botoks  Seti \/ Kare \/ Shea Butter Hyaluronic Serum\" srcset=\"https:\/\/oiaformore.com\/wp-content\/uploads\/2025\/04\/154-300x300.jpg 300w, https:\/\/oiaformore.com\/wp-content\/uploads\/2025\/04\/154-150x150.jpg 150w, https:\/\/oiaformore.com\/wp-content\/uploads\/2025\/04\/154-768x768.jpg 768w, https:\/\/oiaformore.com\/wp-content\/uploads\/2025\/04\/154-12x12.jpg 12w, https:\/\/oiaformore.com\/wp-content\/uploads\/2025\/04\/154-600x600.jpg 600w, https:\/\/oiaformore.com\/wp-content\/uploads\/2025\/04\/154-100x100.jpg 100w, https:\/\/oiaformore.com\/wp-content\/uploads\/2025\/04\/154.jpg 1000w\" sizes=\"(max-width: 300px) 100vw, 300px\" \/><\/div>\n\t\t\t\t\t<div class=\"wc-block-grid__product-title\">2&#8217;li Do\u011fal Botoks  Seti \/ Kare \/ Shea Butter Hyaluronic Serum<\/div>\n\t\t\t\t<\/a>\n\t\t\t\t<div class=\"wc-block-grid__product-price price\"><span class=\"woocommerce-Price-amount amount\"><span class=\"woocommerce-Price-currencySymbol\">&#8378;<\/span>1.850,00<\/span><\/div>\n\t\t\t\t\n\t\t\t\t<div class=\"wp-block-button wc-block-grid__product-add-to-cart\"><a href=\"?add-to-cart=2867\" aria-label=\"Add to cart: \u201c2&#039;li Do\u011fal Botoks  Seti \/ Kare \/ Shea Butter Hyaluronic Serum\u201d\" data-quantity=\"1\" data-product_id=\"2867\" data-product_sku=\"OIA0065\" data-price=\"1850\" rel=\"nofollow\" class=\"wp-block-button__link  add_to_cart_button ajax_add_to_cart\" data-no-translation=\"\" data-trp-gettext=\"\" data-no-translation-aria-label=\"\">Add to cart<\/a><\/div>\n\t\t\t<\/li><li class=\"wc-block-grid__product\">\n\t\t\t\t<a href=\"https:\/\/oiaformore.com\/en\/product\/nem-deposu-banyo-seti\/\" class=\"wc-block-grid__product-link\">\n\t\t\t\t\t\n\t\t\t\t\t<div class=\"wc-block-grid__product-image\"><img decoding=\"async\" width=\"300\" height=\"300\" src=\"https:\/\/oiaformore.com\/wp-content\/uploads\/2025\/03\/NEM-DEPOSU-BANYO-SETI-300x300.jpg\" class=\"attachment-woocommerce_thumbnail size-woocommerce_thumbnail\" alt=\"Nem Deposu Banyo Seti\" srcset=\"https:\/\/oiaformore.com\/wp-content\/uploads\/2025\/03\/NEM-DEPOSU-BANYO-SETI-300x300.jpg 300w, https:\/\/oiaformore.com\/wp-content\/uploads\/2025\/03\/NEM-DEPOSU-BANYO-SETI-150x150.jpg 150w, https:\/\/oiaformore.com\/wp-content\/uploads\/2025\/03\/NEM-DEPOSU-BANYO-SETI-100x100.jpg 100w\" sizes=\"(max-width: 300px) 100vw, 300px\" \/><\/div>\n\t\t\t\t\t<div class=\"wc-block-grid__product-title\">Moisturizing Bath Set<\/div>\n\t\t\t\t<\/a>\n\t\t\t\t<div class=\"wc-block-grid__product-price price\"><span class=\"woocommerce-Price-amount amount\"><span class=\"woocommerce-Price-currencySymbol\">&#8378;<\/span>3.450,00<\/span><\/div>\n\t\t\t\t\n\t\t\t\t<div class=\"wp-block-button wc-block-grid__product-add-to-cart\"><a href=\"?add-to-cart=2591\" aria-label=\"Add to cart: \u201cNem Deposu Banyo Seti\u201d\" data-quantity=\"1\" data-product_id=\"2591\" data-product_sku=\"OIA0056\" data-price=\"3450\" rel=\"nofollow\" class=\"wp-block-button__link  add_to_cart_button ajax_add_to_cart\" data-no-translation=\"\" data-trp-gettext=\"\" data-no-translation-aria-label=\"\">Add to cart<\/a><\/div>\n\t\t\t<\/li><\/ul><\/div><\/div><\/div>","protected":false},"excerpt":{"rendered":"","protected":false},"author":1,"featured_media":0,"parent":0,"menu_order":0,"comment_status":"closed","ping_status":"closed","template":"","meta":{"_acf_changed":false,"_seopress_robots_primary_cat":"","_seopress_titles_title":"","_seopress_titles_desc":"","_seopress_robots_index":"","footnotes":""},"class_list":["post-13","page","type-page","status-publish","hentry"],"acf":[],"_links":{"self":[{"href":"https:\/\/oiaformore.com\/en\/wp-json\/wp\/v2\/pages\/13","targetHints":{"allow":["GET"]}}],"collection":[{"href":"https:\/\/oiaformore.com\/en\/wp-json\/wp\/v2\/pages"}],"about":[{"href":"https:\/\/oiaformore.com\/en\/wp-json\/wp\/v2\/types\/page"}],"author":[{"embeddable":true,"href":"https:\/\/oiaformore.com\/en\/wp-json\/wp\/v2\/users\/1"}],"replies":[{"embeddable":true,"href":"https:\/\/oiaformore.com\/en\/wp-json\/wp\/v2\/comments?post=13"}],"version-history":[{"count":0,"href":"https:\/\/oiaformore.com\/en\/wp-json\/wp\/v2\/pages\/13\/revisions"}],"wp:attachment":[{"href":"https:\/\/oiaformore.com\/en\/wp-json\/wp\/v2\/media?parent=13"}],"curies":[{"name":"wp","href":"https:\/\/api.w.org\/{rel}","templated":true}]}}