{"id":16,"date":"2024-07-12T14:48:09","date_gmt":"2024-07-12T11:48:09","guid":{"rendered":"http:\/\/oia.orucerem.com\/?page_id=16"},"modified":"2024-07-12T15:02:31","modified_gmt":"2024-07-12T12:02:31","slug":"degisim-ve-iade-politikasi","status":"publish","type":"page","link":"https:\/\/oiaformore.com\/en\/degisim-ve-iade-politikasi\/","title":{"rendered":"Exchange and Return Policy"},"content":{"rendered":"<h3 class=\"wp-block-heading\"><b>.<\/b><\/h3><p>For all purchases you make from the www.oiaformore.com website, you can exercise your right of withdrawal within 14 business days from the date the order is delivered to you. The following points should be taken into consideration when making a return request and making the transaction:<\/p><ul class=\"wp-block-list\"><li>You can make your return request from the \"My Orders\" section on the <a href=\"https:\/\/oiaformore.com\/en\/\">www.oiaformore.com<\/a> website or send your request to <a href=\"mailto:info@onkagloabal.com\">info@onkagloabal.com<\/a> e-mail address.\u00a0<\/li>\n\n<li>Products to be returned must be sent via a contracted cargo company, with the buyer paying (free of charge). If sent via a cargo company other than the contracted cargo company, the shipping fee is the customer's responsibility.\u00a0<\/li>\n\n<li>\u0130ade etmek istedi\u011finiz \u00fcr\u00fcnler, faturas\u0131yla beraber orijinal paketi i\u00e7erisinde, hasars\u0131z, etiketleri \u00e7\u0131kar\u0131lmam\u0131\u015f, kullan\u0131lmam\u0131\u015f, tekrar sat\u0131labilirli\u011fi bozulmam\u0131\u015f \u015fekilde iade edilmelidir.<\/li>\n\n<li>The address below is valid for return shipment. After you create your return request, the contracted cargo company you will send the shipment to and the recipient code information will be sent to you via an information e-mail.\u00a0<\/li><\/ul><p><br><strong>Address:<\/strong><br>Onka Global Dan\u0131\u015fmanl\u0131k Ve \u0130thalat \u0130hracat LTD. \u015eT\u0130.<br>Fulya Mah. Ortaklar Cad. Mevl\u00fct Pehlivan Sk. Huzur Apt. Blok No:1 \u0130\u00e7 Kap\u0131: 5<br>\u015ei\u015fli \/ \u0130STANBUL<br><strong>Phone:<\/strong> +90 212 234 02 06<\/p><p>Before receiving your order from the cargo officer, open and check the package, make sure it is intact and undamaged before receiving it. If there is any damage to the products you ordered, have the cargo officer write a report and do not accept the package. If no report is kept stating that the products were damaged during shipment and the product is received, it is deemed that the cargo company has fully fulfilled its duty. Return requests based on damaged delivery are not accepted without a report.&nbsp;<\/p><p><strong>Situations Where the Right of Withdrawal Does Not Apply<\/strong><\/p><p><strong><\/strong><br>In Article 15 of the Regulation on Distance Selling Contracts prepared within the scope of the Consumer Protection Law No. 6502, the exceptions to the right of withdrawal are stated as follows:&nbsp;<\/p><p>ARTICLE 15 \u2013 (1) Unless otherwise agreed by the parties, the consumer cannot exercise the right of withdrawal in the following contracts:<\/p><p>a) Contracts for goods or services whose prices vary depending on fluctuations in financial markets and are not under the control of the seller or provider.<\/p><p>b) Contracts regarding goods prepared in line with the consumer's wishes or personal needs.<\/p><p>c) Contracts for the delivery of goods that are perishable or subject to expiry.<\/p><p>Contracts regarding the delivery of goods whose protective elements such as packaging, tape, seal, package have been opened after delivery; and whose return is not suitable for health and hygiene reasons.<\/p><p>d) Contracts concerning goods that are mixed with other products after delivery and cannot be separated due to their nature.<\/p><p>e) Contracts regarding books, digital content and computer consumables presented in material form, if protective elements such as packaging, tape, seal, package have been opened after delivery of the goods.<\/p><p>f) Contracts regarding the delivery of periodicals such as newspapers and magazines, other than those provided within the scope of a subscription contract.<\/p><p>g) Contracts regarding accommodation, goods transportation, car rental, food and beverage supply and the evaluation of free time for entertainment or recreation purposes, which must be made on a specific date or period.<\/p><p>Contracts regarding services performed instantly in electronic environment or intangible goods delivered instantly to the consumer.<\/p><p>h) Contracts regarding services that are started to be performed with the consumer's approval before the expiry of the right of withdrawal period.<\/p>","protected":false},"excerpt":{"rendered":"<p>\u0130ptal \u0130ade ve De\u011fi\u015fim Politikas\u0131 www.oiaformore.com internet sitesinden ger\u00e7ekle\u015ftirdi\u011finiz t\u00fcm al\u0131\u015fveri\u015flerde, sipari\u015fin taraf\u0131n\u0131za teslim edildi\u011fi tarihten itibaren 14 i\u015f g\u00fcn\u00fc i\u00e7erisinde cayma hakk\u0131n\u0131z\u0131 kullanabilirsiniz. \u0130ade talebi ve i\u015flemi ger\u00e7ekle\u015ftirirken a\u015fa\u011f\u0131da yer alan hususlara dikkat edilmelidir: Adres:Onka Global Dan\u0131\u015fmanl\u0131k Ve \u0130thalat \u0130hracat LTD. \u015eT\u0130.Fulya Mah. Ortaklar Cad. Mevl\u00fct Pehlivan Sk. Huzur Apt. Blok No:1 \u0130\u00e7 Kap\u0131: [&hellip;]<\/p>","protected":false},"author":1,"featured_media":0,"parent":0,"menu_order":0,"comment_status":"closed","ping_status":"closed","template":"","meta":{"_acf_changed":false,"_seopress_robots_primary_cat":"","_seopress_titles_title":"","_seopress_titles_desc":"","_seopress_robots_index":"","footnotes":""},"class_list":["post-16","page","type-page","status-publish","hentry"],"acf":[],"_links":{"self":[{"href":"https:\/\/oiaformore.com\/en\/wp-json\/wp\/v2\/pages\/16","targetHints":{"allow":["GET"]}}],"collection":[{"href":"https:\/\/oiaformore.com\/en\/wp-json\/wp\/v2\/pages"}],"about":[{"href":"https:\/\/oiaformore.com\/en\/wp-json\/wp\/v2\/types\/page"}],"author":[{"embeddable":true,"href":"https:\/\/oiaformore.com\/en\/wp-json\/wp\/v2\/users\/1"}],"replies":[{"embeddable":true,"href":"https:\/\/oiaformore.com\/en\/wp-json\/wp\/v2\/comments?post=16"}],"version-history":[{"count":0,"href":"https:\/\/oiaformore.com\/en\/wp-json\/wp\/v2\/pages\/16\/revisions"}],"wp:attachment":[{"href":"https:\/\/oiaformore.com\/en\/wp-json\/wp\/v2\/media?parent=16"}],"curies":[{"name":"wp","href":"https:\/\/api.w.org\/{rel}","templated":true}]}}