{"id":2,"date":"2024-07-08T15:17:09","date_gmt":"2024-07-08T15:17:09","guid":{"rendered":"http:\/\/oia.orucerem.com\/?page_id=2"},"modified":"2024-07-12T14:56:09","modified_gmt":"2024-07-12T11:56:09","slug":"site-kullanim-sartlari-ve-uyelik-sozlesmesi","status":"publish","type":"page","link":"https:\/\/oiaformore.com\/en\/site-kullanim-sartlari-ve-uyelik-sozlesmesi\/","title":{"rendered":"Site Terms of Use and Membership Agreement"},"content":{"rendered":"<ol class=\"wp-block-list\"><li><strong>The parties<\/strong><\/li><\/ol><p>This Membership Agreement (Agreement) has been concluded between Onka Global Consultancy and Import Export Co. Ltd. (FIRM) with the Mersis number 0643074993000001 and the internet user (Member) who has become a member as a natural person or legal entity in order to benefit from the products and services offered on the COMPANY's www.oiaformore.com address. It has entered into force when the Member clicks on the \"I have read, accept and approve the Membership Agreement\" button in the electronic environment and the acceptance declaration is recorded in the COMPANY's records.<br>&nbsp;<\/p><ol class=\"wp-block-list\" start=\"2\"><li><strong>Subject of the Contract<\/strong><\/li><\/ol><p>The subject of this Agreement is the determination of the Member's use and usage conditions of the products and services offered on the <a href=\"https:\/\/oiaformore.com\/en\/\">www.oiaformore.com<\/a> website owned by the COMPANY.<\/p><ol class=\"wp-block-list\" start=\"3\"><li><strong>Rights and Obligations of the Parties<\/strong><\/li><\/ol><ol class=\"wp-block-list\"><li>\u00a0The Member agrees to comply with all legal regulations and not to violate the provisions in question while using the <a href=\"https:\/\/oiaformore.com\/en\/\">www.oiaformore.com<\/a> website.<\/li>\n\n<li>\u00a0The Member agrees to comply with all legal regulations and not to violate the provisions in question while using the <a href=\"https:\/\/oiaformore.com\/en\/\">www.oiaformore.com<\/a> , The User declares and undertakes that the personal and other information declared in the registration form while becoming a member of the website is true and that he\/she will compensate the Company in full and in cash for all damages it may incur due to the untruthfulness of this information.<\/li>\n\n<li>\u00a0The right to use the password created by the Member during the membership process belongs only to the Member. The Member accepts and undertakes that he\/she will not give this password to any third party and that all legal and criminal liability regarding the use of the password belongs to him\/her.<\/li>\n\n<li>\u00a0The Member agrees to comply with all legal regulations and not to violate the provisions in question while using the <a href=\"https:\/\/oiaformore.com\/en\/\">www.oiaformore.com<\/a> The Member agrees to comply with all legal regulations and does not violate the provisions in question while using\u00a0<\/li>\n\n<li>\u00a0The Member agrees to comply with all legal regulations and not to violate the provisions in question while using the <a href=\"https:\/\/oiaformore.com\/en\/\">www.oiaformore.com<\/a> address and accepts and undertakes that it will not engage in activities and processes such as spam, viruses, etc. that will prevent, prevent and\/or complicate the use of the services offered by others; that it will not produce content that is against general morality and etiquette, against the law, violating the rights of third parties, misleading, offensive, obscene, pornographic, violating personal rights, violating copyrights, encouraging illegal activities, and that it will not use it for any illegal purpose.<\/li>\n\n<li>\u00a0The COMPANY grants the Member the right to express his\/her comments, ideas and thoughts in the relevant areas of the <a href=\"https:\/\/oiaformore.com\/en\/\">www.oiaformore.com<\/a> website (product comments, contact form, etc.). The comments, ideas, thoughts and expressions declared by the Member are the Member's own personal ideas and interpretations and the consequences of these ideas and interpretations are completely and exclusively the responsibility of the Member. The COMPANY has no responsibility for any damages that third parties or institutions may suffer due to the comments, ideas, thoughts and expressions declared by the Member.<\/li>\n\n<li>\u00a0The COMPANY has the right to suspend, terminate the Membership and\/or delete all data, documents and files belonging to the Member at any time it deems necessary, without assuming any liability and unilaterally.\u00a0<\/li>\n\n<li>\u00a0The COMPANY always reserves the right to make changes to the prices and other information of the products and services offered.\u00a0<\/li>\n\n<li>\u00a0<a href=\"https:\/\/oiaformore.com\/en\/\">www.oiaformore.com<\/a> all design and software related content, text and visual content of the products on the  website are the property of the COMPANY and cannot be used by the Member without the written permission of the COMPANY. All registered or unregistered intellectual property rights such as title, business name, brand, patent, logo, design, information and method on this website belong to the site operator and owner, the COMPANY or the specified relevant party and are under the protection of national and international law.\u00a0<\/li>\n\n<li>The COMPANY grants the Member the right to express his\/her comments, ideas and thoughts in the relevant areas of the <a href=\"https:\/\/oiaformore.com\/en\/\">www.oiaformore.com<\/a> website, in order to improve and develop the user experience, software and design and\/or in accordance with the legal legislation, the name of the internet service provider and Internet Protocol (IP) address used by the Member to access the website, the date and time the site was accessed, information about the pages accessed on the website, etc. may be collected, processed and used for lawful purposes.<\/li>\n\n<li>The COMPANY takes measures within the scope of available possibilities to ensure that the <a href=\"https:\/\/oiaformore.com\/en\/\">www.oiaformore.com<\/a> website is free from viruses, spam and similar software and is not subject to any attacks. It is the Member's initiative to provide their own virus protection system to ensure their individual and final security. The Member accepts and undertakes that they are responsible for all errors that may occur in their software and operating systems; and the direct or indirect consequences of these errors.\u00a0<\/li>\n\n<li>The Company may update, change or repeal the terms of this Agreement at any time without any prior notice and\/or warning in any form. Each updated, changed or repealed provision will be effective for all members on the date of publication.<\/li><\/ol><p><strong>Applicable Law and Jurisdiction<\/strong><strong><\/strong><br>Disputes arising from this Agreement are subject to Turkish Law and Istanbul Courts and Enforcement Offices will have jurisdiction over such disputes.&nbsp;<\/p><p><strong>Coercion<\/strong><strong><\/strong><br>This Agreement shall enter into force on the date it is announced by the COMPANY and shall remain in force until terminated by either party. It shall enter into force when the Member clicks on the \"I have read, accepted and approved the Membership Agreement\" button in the electronic environment and the acceptance statement is recorded in the COMPANY records. The COMPANY may make changes to the provisions of this Agreement at any time.&nbsp;<\/p>","protected":false},"excerpt":{"rendered":"<p>\u0130\u015fbu \u00dcyelik S\u00f6zle\u015fmesi (S\u00f6zle\u015fme) 0643074993000001 Mersis Numaral\u0131 Onka Global Dan\u0131\u015fmanl\u0131k Ve \u0130thalat \u0130hracat LTD. \u015eT\u0130. (F\u0130RMA) ile F\u0130RMA\u2019ya ait www.oiaformore.com adresinden sunulan \u00fcr\u00fcn ve hizmetlerden faydalanmak i\u00e7in ger\u00e7ek veya t\u00fczel ki\u015fi olarak \u00fcye olan internet kullan\u0131c\u0131s\u0131 (\u00dcye) aras\u0131nda akdedilmi\u015ftir. \u00dcye\u2019nin elektronik ortamda bulunan \u201c\u00dcyelik S\u00f6zle\u015fmesini okudum, kabul ediyor ve onayl\u0131yorum\u201d butonunu t\u0131klamas\u0131 ve kabul beyan\u0131n\u0131n [&hellip;]<\/p>","protected":false},"author":1,"featured_media":0,"parent":0,"menu_order":0,"comment_status":"closed","ping_status":"closed","template":"","meta":{"_acf_changed":false,"_seopress_robots_primary_cat":"","_seopress_titles_title":"","_seopress_titles_desc":"","_seopress_robots_index":"","footnotes":""},"class_list":["post-2","page","type-page","status-publish","hentry"],"acf":[],"_links":{"self":[{"href":"https:\/\/oiaformore.com\/en\/wp-json\/wp\/v2\/pages\/2","targetHints":{"allow":["GET"]}}],"collection":[{"href":"https:\/\/oiaformore.com\/en\/wp-json\/wp\/v2\/pages"}],"about":[{"href":"https:\/\/oiaformore.com\/en\/wp-json\/wp\/v2\/types\/page"}],"author":[{"embeddable":true,"href":"https:\/\/oiaformore.com\/en\/wp-json\/wp\/v2\/users\/1"}],"replies":[{"embeddable":true,"href":"https:\/\/oiaformore.com\/en\/wp-json\/wp\/v2\/comments?post=2"}],"version-history":[{"count":0,"href":"https:\/\/oiaformore.com\/en\/wp-json\/wp\/v2\/pages\/2\/revisions"}],"wp:attachment":[{"href":"https:\/\/oiaformore.com\/en\/wp-json\/wp\/v2\/media?parent=2"}],"curies":[{"name":"wp","href":"https:\/\/api.w.org\/{rel}","templated":true}]}}