{"id":2003,"date":"2025-02-17T03:54:11","date_gmt":"2025-02-17T00:54:11","guid":{"rendered":"https:\/\/oiaformore.com\/?page_id=2003"},"modified":"2025-02-28T16:02:58","modified_gmt":"2025-02-28T13:02:58","slug":"oya-kalender","status":"publish","type":"page","link":"https:\/\/oiaformore.com\/en\/oya-kalender\/","title":{"rendered":"Oya Kalender"},"content":{"rendered":"","protected":false},"excerpt":{"rendered":"","protected":false},"author":4,"featured_media":0,"parent":0,"menu_order":0,"comment_status":"closed","ping_status":"closed","template":"","meta":{"_acf_changed":false,"_seopress_robots_primary_cat":"","_seopress_titles_title":"","_seopress_titles_desc":"Oya Kalender, kad\u0131nlara ilham veren bir lider olarak, b\u00fct\u00fcnsel iyilik ve sa\u011fl\u0131kl\u0131 ya\u015f alman\u0131n g\u00fcc\u00fcne inan\u0131yor.","_seopress_robots_index":"","footnotes":""},"class_list":["post-2003","page","type-page","status-publish","hentry"],"acf":[],"_links":{"self":[{"href":"https:\/\/oiaformore.com\/en\/wp-json\/wp\/v2\/pages\/2003","targetHints":{"allow":["GET"]}}],"collection":[{"href":"https:\/\/oiaformore.com\/en\/wp-json\/wp\/v2\/pages"}],"about":[{"href":"https:\/\/oiaformore.com\/en\/wp-json\/wp\/v2\/types\/page"}],"author":[{"embeddable":true,"href":"https:\/\/oiaformore.com\/en\/wp-json\/wp\/v2\/users\/4"}],"replies":[{"embeddable":true,"href":"https:\/\/oiaformore.com\/en\/wp-json\/wp\/v2\/comments?post=2003"}],"version-history":[{"count":22,"href":"https:\/\/oiaformore.com\/en\/wp-json\/wp\/v2\/pages\/2003\/revisions"}],"predecessor-version":[{"id":2542,"href":"https:\/\/oiaformore.com\/en\/wp-json\/wp\/v2\/pages\/2003\/revisions\/2542"}],"wp:attachment":[{"href":"https:\/\/oiaformore.com\/en\/wp-json\/wp\/v2\/media?parent=2003"}],"curies":[{"name":"wp","href":"https:\/\/api.w.org\/{rel}","templated":true}]}}