{"id":2019,"date":"2025-02-17T04:31:56","date_gmt":"2025-02-17T01:31:56","guid":{"rendered":"https:\/\/oiaformore.com\/?page_id=2019"},"modified":"2025-02-28T16:00:18","modified_gmt":"2025-02-28T13:00:18","slug":"sosyal-sorumlulugumuz","status":"publish","type":"page","link":"https:\/\/oiaformore.com\/en\/hakkimizda\/iyi-yasam-felsefemiz\/sosyal-sorumlulugumuz\/","title":{"rendered":"Social Responsibility"},"content":{"rendered":"","protected":false},"excerpt":{"rendered":"","protected":false},"author":4,"featured_media":0,"parent":1927,"menu_order":0,"comment_status":"closed","ping_status":"closed","template":"","meta":{"_acf_changed":false,"_seopress_robots_primary_cat":"","_seopress_titles_title":"","_seopress_titles_desc":"OIA, kad\u0131nlar\u0131n istihdam\u0131, sosyal haklar\u0131 ve wellbeing e\u011fitimleri i\u00e7in derneklerle i\u015f birli\u011fi yaparak projeler geli\u015ftirir.","_seopress_robots_index":"","footnotes":""},"class_list":["post-2019","page","type-page","status-publish","hentry"],"acf":[],"_links":{"self":[{"href":"https:\/\/oiaformore.com\/en\/wp-json\/wp\/v2\/pages\/2019","targetHints":{"allow":["GET"]}}],"collection":[{"href":"https:\/\/oiaformore.com\/en\/wp-json\/wp\/v2\/pages"}],"about":[{"href":"https:\/\/oiaformore.com\/en\/wp-json\/wp\/v2\/types\/page"}],"author":[{"embeddable":true,"href":"https:\/\/oiaformore.com\/en\/wp-json\/wp\/v2\/users\/4"}],"replies":[{"embeddable":true,"href":"https:\/\/oiaformore.com\/en\/wp-json\/wp\/v2\/comments?post=2019"}],"version-history":[{"count":9,"href":"https:\/\/oiaformore.com\/en\/wp-json\/wp\/v2\/pages\/2019\/revisions"}],"predecessor-version":[{"id":2541,"href":"https:\/\/oiaformore.com\/en\/wp-json\/wp\/v2\/pages\/2019\/revisions\/2541"}],"up":[{"embeddable":true,"href":"https:\/\/oiaformore.com\/en\/wp-json\/wp\/v2\/pages\/1927"}],"wp:attachment":[{"href":"https:\/\/oiaformore.com\/en\/wp-json\/wp\/v2\/media?parent=2019"}],"curies":[{"name":"wp","href":"https:\/\/api.w.org\/{rel}","templated":true}]}}