{"id":2026,"date":"2025-02-17T04:45:12","date_gmt":"2025-02-17T01:45:12","guid":{"rendered":"https:\/\/oiaformore.com\/?page_id=2026"},"modified":"2025-02-28T15:55:36","modified_gmt":"2025-02-28T12:55:36","slug":"icerik-ve-formulasyon","status":"publish","type":"page","link":"https:\/\/oiaformore.com\/en\/hakkimizda\/icerik-ve-formulasyon\/","title":{"rendered":"Formulation"},"content":{"rendered":"","protected":false},"excerpt":{"rendered":"","protected":false},"author":4,"featured_media":0,"parent":249,"menu_order":0,"comment_status":"closed","ping_status":"closed","template":"","meta":{"_acf_changed":false,"_seopress_robots_primary_cat":"","_seopress_titles_title":"","_seopress_titles_desc":"Zeytinya\u011f\u0131, cildi nemlendirir, iltihaplanmay\u0131 azalt\u0131r ve cilt h\u00fccrelerini onar\u0131r. Do\u011fal bak\u0131m\u0131n vazge\u00e7ilmezi!","_seopress_robots_index":"","footnotes":""},"class_list":["post-2026","page","type-page","status-publish","hentry"],"acf":[],"_links":{"self":[{"href":"https:\/\/oiaformore.com\/en\/wp-json\/wp\/v2\/pages\/2026","targetHints":{"allow":["GET"]}}],"collection":[{"href":"https:\/\/oiaformore.com\/en\/wp-json\/wp\/v2\/pages"}],"about":[{"href":"https:\/\/oiaformore.com\/en\/wp-json\/wp\/v2\/types\/page"}],"author":[{"embeddable":true,"href":"https:\/\/oiaformore.com\/en\/wp-json\/wp\/v2\/users\/4"}],"replies":[{"embeddable":true,"href":"https:\/\/oiaformore.com\/en\/wp-json\/wp\/v2\/comments?post=2026"}],"version-history":[{"count":26,"href":"https:\/\/oiaformore.com\/en\/wp-json\/wp\/v2\/pages\/2026\/revisions"}],"predecessor-version":[{"id":2537,"href":"https:\/\/oiaformore.com\/en\/wp-json\/wp\/v2\/pages\/2026\/revisions\/2537"}],"up":[{"embeddable":true,"href":"https:\/\/oiaformore.com\/en\/wp-json\/wp\/v2\/pages\/249"}],"wp:attachment":[{"href":"https:\/\/oiaformore.com\/en\/wp-json\/wp\/v2\/media?parent=2026"}],"curies":[{"name":"wp","href":"https:\/\/api.w.org\/{rel}","templated":true}]}}