{"id":110,"date":"2024-06-11T22:09:57","date_gmt":"2024-06-11T19:09:57","guid":{"rendered":"http:\/\/oia.orucerem.com\/index.php\/urun\/vitamin-c-serum\/"},"modified":"2026-04-08T22:45:16","modified_gmt":"2026-04-08T19:45:16","slug":"vitamin-c-serum","status":"publish","type":"product","link":"https:\/\/oiaformore.com\/en\/product\/vitamin-c-serum\/","title":{"rendered":"Vitamin C Serum"},"content":{"rendered":"<p style=\"margin-bottom: 11px;\"><span style=\"font-size: 11pt;\"><span style=\"line-height: 115%;\"><span style=\"font-family: Aptos,sans-serif;\"><b>Cildinize Parlakl\u0131k ve Canl\u0131l\u0131k Kat\u0131n!<\/b> <\/span><\/span><\/span><\/p>\n<p style=\"margin-bottom: 11px;\"><span style=\"font-size: 11pt;\"><span style=\"line-height: 115%;\"><span style=\"font-family: Aptos,sans-serif;\">OIA Vitamin C Serum, cildinize anti-blemish etkisi sunarak parlak ve dayan\u0131kl\u0131 bir g\u00f6r\u00fcn\u00fcm kazand\u0131r\u0131r. \u0130\u00e7eri\u011findeki vitamin C ve vitamin B3 sayesinde cildin mat ve cans\u0131z g\u00f6r\u00fcn\u00fcm\u00fcn\u00fc giderir, do\u011fal \u0131\u015f\u0131lt\u0131s\u0131n\u0131 ortaya \u00e7\u0131kar\u0131r. T\u00fcm cilt tiplerine uygun olan bu serumla cildinizde fark yarat\u0131n!<\/span><\/span><\/span><\/p>\n<p style=\"margin-bottom: 11px;\"><span style=\"font-size: 11pt;\"><span style=\"line-height: 115%;\"><span style=\"font-family: Aptos,sans-serif;\"><b>Featured Active Ingredients:<\/b><\/span><\/span><\/span><\/p>\n<ul>\n<li style=\"margin-bottom: 11px;\"><span style=\"font-size: 11pt;\"><span style=\"line-height: 115%;\"><span style=\"font-family: Aptos,sans-serif;\"><b>3-O-Ethyl Ascorbic Acid (Vitamin C t\u00fcrevi) %10:<\/b> Stabil C vitamini formu, cildi ayd\u0131nlat\u0131r, leke g\u00f6r\u00fcn\u00fcm\u00fcn\u00fc azalt\u0131r ve kolajen \u00fcretimini destekler.<\/span><\/span><\/span><\/li>\n<li style=\"margin-bottom: 11px;\"><span style=\"font-size: 11pt;\"><span style=\"line-height: 115%;\"><span style=\"font-family: Aptos,sans-serif;\"><b>Niacinamide %3:<\/b> Cilt bariyerini g\u00fc\u00e7lendirir, sebum dengesini d\u00fczenler, lekeleri hafifletir.<\/span><\/span><\/span><\/li>\n<li style=\"margin-bottom: 11px;\"><span style=\"font-size: 11pt;\"><span style=\"line-height: 115%;\"><span style=\"font-family: Aptos,sans-serif;\"><b>Panthenol (Provitamin B5) %1:<\/b> Yat\u0131\u015ft\u0131r\u0131c\u0131 ve nemlendirici etki sa\u011flar.<\/span><\/span><\/span><\/li>\n<li style=\"margin-bottom: 11px;\"><span style=\"font-size: 11pt;\"><span style=\"line-height: 115%;\"><span style=\"font-family: Aptos,sans-serif;\"><b>Allantoin %0,2:<\/b> Tahri\u015f giderici ve yenileyici \u00f6zellik ta\u015f\u0131r.<\/span><\/span><\/span><\/li>\n<\/ul>\n<p style=\"margin-bottom: 11px;\"><span style=\"font-size: 11pt;\"><span style=\"line-height: 115%;\"><span style=\"font-family: Aptos,sans-serif;\"><b>How to use?<\/b> <\/span><\/span><\/span><\/p>\n<p style=\"margin-bottom: 11px;\"><span style=\"font-size: 11pt;\"><span style=\"line-height: 115%;\"><span style=\"font-family: Aptos,sans-serif;\">OIA Vitamin C Serum, temiz cilde sabah veya ak\u015fam birka\u00e7 damla \u015feklinde uygulan\u0131r. Kullan\u0131m sonras\u0131 etkinin artmas\u0131 i\u00e7in nemlendirici kullan\u0131lmas\u0131 \u00f6nerilir. Uygulama sonras\u0131, g\u00fcn boyunca SPF 50 de\u011ferine sahip g\u00fcne\u015f koruyucu kullan\u0131lmas\u0131 tavsiye edilir.<\/span><\/span><\/span><\/p>\n<p style=\"margin-bottom: 11px;\"><span style=\"font-size: 11pt;\"><span style=\"line-height: 115%;\"><span style=\"font-family: Aptos,sans-serif;\"><b>Vitamin C Nedir?<\/b> <\/span><\/span><\/span><\/p>\n<p style=\"margin-bottom: 11px;\"><span style=\"font-size: 11pt;\"><span style=\"line-height: 115%;\"><span style=\"font-family: Aptos,sans-serif;\">Vitamin C, g\u00fc\u00e7l\u00fc antioksidan \u00f6zelliklere sahip bir vitamindir. Cildi ayd\u0131nlat\u0131r, serbest radikallere kar\u015f\u0131 korur ve cilt tonunu e\u015fitler. D\u00fczenli kullan\u0131mda cildinizdeki fark\u0131 hemen hissedeceksiniz.<\/span><\/span><\/span><\/p>\n<p style=\"margin-bottom: 11px;\"><span style=\"font-size: 11pt;\"><span style=\"line-height: 115%;\"><span style=\"font-family: Aptos,sans-serif;\"><b>Who can use?<\/b><\/span><\/span><\/span><\/p>\n<ul>\n<li style=\"margin-bottom: 11px;\"><span style=\"font-size: 11pt;\"><span style=\"line-height: 115%;\"><span style=\"font-family: Aptos,sans-serif;\">People with sensitive skin types should test on a small area first.<\/span><\/span><\/span><\/li>\n<li style=\"margin-bottom: 11px;\"><span style=\"font-size: 11pt;\"><span style=\"line-height: 115%;\"><span style=\"font-family: Aptos,sans-serif;\">Avoid applying around the eyes.<\/span><\/span><\/span><\/li>\n<\/ul>\n<p style=\"margin-bottom: 11px;\"><span style=\"font-size: 11pt;\"><span style=\"line-height: 115%;\"><span style=\"font-family: Aptos,sans-serif;\"><b>Which products should it not be used with?<\/b><\/span><\/span><\/span><\/p>\n<ul>\n<li style=\"margin-bottom: 11px;\"><span style=\"font-size: 11pt;\"><span style=\"line-height: 115%;\"><span style=\"font-family: Aptos,sans-serif;\">Products that contain AHA and BHA at the same time.<\/span><\/span><\/span><\/li>\n<li style=\"margin-bottom: 11px;\"><span style=\"font-size: 11pt;\"><span style=\"line-height: 115%;\"><span style=\"font-family: Aptos,sans-serif;\">Serums and cleansers that contain retinol at the same time.<\/span><\/span><\/span><\/li>\n<\/ul>\n<p style=\"margin-bottom: 11px;\"><span style=\"font-size: 11pt;\"><span style=\"line-height: 115%;\"><span style=\"font-family: Aptos,sans-serif;\"><b>Which products can it be used with?<\/b><\/span><\/span><\/span><\/p>\n<ul>\n<li style=\"margin-bottom: 11px;\"><span style=\"font-size: 11pt;\"><span style=\"line-height: 115%;\"><span style=\"font-family: Aptos,sans-serif;\">It is perfectly compatible with moisturizers containing hyaluronic acid.<\/span><\/span><\/span><\/li>\n<li style=\"margin-bottom: 11px;\"><span style=\"font-size: 11pt;\"><span style=\"line-height: 115%;\"><span style=\"font-family: Aptos,sans-serif;\">You can provide extra protection by combining it with soothing and moisturizing creams.<\/span><\/span><\/span><\/li>\n<\/ul>\n<p style=\"margin-bottom: 11px;\"><span style=\"font-size: 11pt;\"><span style=\"line-height: 115%;\"><span style=\"font-family: Aptos,sans-serif;\"><b>Warnings:<\/b><\/span><\/span><\/span><\/p>\n<ul>\n<li style=\"margin-bottom: 11px;\"><span style=\"font-size: 11pt;\"><span style=\"line-height: 115%;\"><span style=\"font-family: Aptos,sans-serif;\">Avoid contact with eyes. In case of contact, rinse with plenty of water.<\/span><\/span><\/span><\/li>\n<li style=\"margin-bottom: 11px;\"><span style=\"font-size: 11pt;\"><span style=\"line-height: 115%;\"><span style=\"font-family: Aptos,sans-serif;\">Store out of reach of children and at room temperature.<\/span><\/span><\/span><\/li>\n<li style=\"margin-bottom: 11px;\"><span style=\"font-size: 11pt;\"><span style=\"line-height: 115%;\"><span style=\"font-family: Aptos,sans-serif;\">Protect from direct sunlight.<\/span><\/span><\/span><\/li>\n<\/ul>\n<p style=\"margin-bottom: 11px;\"><span style=\"font-size: 11pt;\"><span style=\"line-height: 115%;\"><span style=\"font-family: Aptos,sans-serif;\"><b>Ingredients:<\/b> Aqua, 3-O-Ethyl Ascorbic Acid, Niacinamide, Pentylene Glycol, PEG-12 Dimethicone, Panthenol, Phenoxyethanol, Ethylhexylglycerin, Hydroxyethylcellulose, Polysorbate 20, Allantoin, Parfum, Tetrasodium EDTA, Lactic Acid.<\/span><\/span><\/span><\/p>","protected":false},"excerpt":{"rendered":"<p><span style=\"font-size: 12pt;\"><span style=\"line-height: 115%;\"><span style=\"font-family: Aptos,sans-serif;\"><b><span style=\"font-size: 9.0pt;\">Cildinize Parlakl\u0131k ve Canl\u0131l\u0131k Kat\u0131n!<\/span><\/b><span style=\"font-size: 9.0pt;\"> OIA Vitamin C Serum, cildinize anti-blemish etkisi sunarak parlak ve dayan\u0131kl\u0131 bir g\u00f6r\u00fcn\u00fcm kazand\u0131r\u0131r. \u0130\u00e7eri\u011findeki vitamin C ve vitamin B3 sayesinde cildin mat ve cans\u0131z g\u00f6r\u00fcn\u00fcm\u00fcn\u00fc giderir, do\u011fal \u0131\u015f\u0131lt\u0131s\u0131n\u0131 ortaya \u00e7\u0131kar\u0131r. T\u00fcm cilt tiplerine uygun olan bu serumla cildinizde fark yarat\u0131n!<\/span><\/span><\/span><\/span><\/p>","protected":false},"featured_media":2393,"comment_status":"open","ping_status":"closed","template":"","meta":{"_acf_changed":false,"_seopress_robots_primary_cat":"none","_seopress_titles_title":"","_seopress_titles_desc":"","_seopress_robots_index":""},"product_brand":[],"product_cat":[91,90,17,35,85,16,24],"product_tag":[],"class_list":{"0":"post-110","1":"product","2":"type-product","3":"status-publish","4":"has-post-thumbnail","6":"product_cat-karma-cilt","7":"product_cat-yagli-cilt","8":"product_cat-ihtiyaca-gore","9":"product_cat-leke-cilt-tonu-esitleme","10":"product_cat-gozenek-sikilastirici","11":"product_cat-urunler","12":"product_cat-serumlar","14":"first","15":"instock","16":"featured","17":"taxable","18":"shipping-taxable","19":"purchasable","20":"product-type-simple"},"acf":[],"_links":{"self":[{"href":"https:\/\/oiaformore.com\/en\/wp-json\/wp\/v2\/product\/110","targetHints":{"allow":["GET"]}}],"collection":[{"href":"https:\/\/oiaformore.com\/en\/wp-json\/wp\/v2\/product"}],"about":[{"href":"https:\/\/oiaformore.com\/en\/wp-json\/wp\/v2\/types\/product"}],"replies":[{"embeddable":true,"href":"https:\/\/oiaformore.com\/en\/wp-json\/wp\/v2\/comments?post=110"}],"version-history":[{"count":7,"href":"https:\/\/oiaformore.com\/en\/wp-json\/wp\/v2\/product\/110\/revisions"}],"predecessor-version":[{"id":3143,"href":"https:\/\/oiaformore.com\/en\/wp-json\/wp\/v2\/product\/110\/revisions\/3143"}],"wp:featuredmedia":[{"embeddable":true,"href":"https:\/\/oiaformore.com\/en\/wp-json\/wp\/v2\/media\/2393"}],"wp:attachment":[{"href":"https:\/\/oiaformore.com\/en\/wp-json\/wp\/v2\/media?parent=110"}],"wp:term":[{"taxonomy":"product_brand","embeddable":true,"href":"https:\/\/oiaformore.com\/en\/wp-json\/wp\/v2\/product_brand?post=110"},{"taxonomy":"product_cat","embeddable":true,"href":"https:\/\/oiaformore.com\/en\/wp-json\/wp\/v2\/product_cat?post=110"},{"taxonomy":"product_tag","embeddable":true,"href":"https:\/\/oiaformore.com\/en\/wp-json\/wp\/v2\/product_tag?post=110"}],"curies":[{"name":"wp","href":"https:\/\/api.w.org\/{rel}","templated":true}]}}