{"id":111,"date":"2024-06-11T22:14:07","date_gmt":"2024-06-11T19:14:07","guid":{"rendered":"http:\/\/oia.orucerem.com\/index.php\/urun\/retinol-serum\/"},"modified":"2026-04-08T22:45:16","modified_gmt":"2026-04-08T19:45:16","slug":"retinol-serum","status":"publish","type":"product","link":"https:\/\/oiaformore.com\/en\/product\/retinol-serum\/","title":{"rendered":"Retinol Serum"},"content":{"rendered":"<p style=\"margin-bottom: 11px;\"><span style=\"font-size: 11pt;\"><span style=\"line-height: 115%;\"><span style=\"font-family: Aptos,sans-serif;\"><b>Bring Back the Youthful Glow to Your Skin!<\/b> <\/span><\/span><\/span><\/p>\n<p style=\"margin-bottom: 11px;\"><span style=\"font-size: 11pt;\"><span style=\"line-height: 115%;\"><span style=\"font-family: Aptos,sans-serif;\">OIA Retinol Serum provides an anti-aging effect by providing a natural renewal to your skin. This miraculous serum, which gives your skin brightness and smoothness, fights fine lines and wrinkles. With this product, which is suitable for all skin types, you will notice the change in your skin in a short time!<\/span><\/span><\/span><\/p>\n<p style=\"margin-bottom: 11px;\"><span style=\"font-size: 11pt;\"><span style=\"line-height: 115%;\"><span style=\"font-family: Aptos,sans-serif;\"><b>Featured Active Ingredients:<\/b><\/span><\/span><\/span><\/p>\n<ul>\n<li style=\"margin-bottom: 11px;\"><span style=\"font-size: 11pt;\"><span style=\"line-height: 115%;\"><span style=\"font-family: Aptos,sans-serif;\"><b>Retinyl Palmitate (%0,5):<\/b> Retinol\u2019\u00fcn nazik formu olup cildin yenilenme s\u00fcrecini h\u0131zland\u0131r\u0131r, ince \u00e7izgileri ve k\u0131r\u0131\u015f\u0131kl\u0131klar\u0131 azaltmaya yard\u0131mc\u0131 olur.<\/span><\/span><\/span><\/li>\n<li style=\"margin-bottom: 11px;\"><span style=\"font-size: 11pt;\"><span style=\"line-height: 115%;\"><span style=\"font-family: Aptos,sans-serif;\"><b>Tocopheryl Acetate (Vitamin E) (%2):<\/b> G\u00fc\u00e7l\u00fc antioksidan \u00f6zellikleriyle cildi serbest radikallere kar\u015f\u0131 korur ve nem dengesini destekler.<\/span><\/span><\/span><\/li>\n<li style=\"margin-bottom: 11px;\"><span style=\"font-size: 11pt;\"><span style=\"line-height: 115%;\"><span style=\"font-family: Aptos,sans-serif;\"><b>Simmondsia Chinensis (Jojoba) Seed Oil (%2):<\/b> Cildi nemlendirir, yat\u0131\u015ft\u0131r\u0131r ve do\u011fal bir bariyer olu\u015fturur.<\/span><\/span><\/span><\/li>\n<\/ul>\n<p style=\"margin-bottom: 11px;\"><span style=\"font-size: 11pt;\"><span style=\"line-height: 115%;\"><span style=\"font-family: Aptos,sans-serif;\"><b>How to use?<\/b> <\/span><\/span><\/span><\/p>\n<p style=\"margin-bottom: 11px;\"><span style=\"font-size: 11pt;\"><span style=\"line-height: 115%;\"><span style=\"font-family: Aptos,sans-serif;\">G\u00fcnl\u00fck rutininize ekleyece\u011finiz bu g\u00fc\u00e7l\u00fc serum, temiz cilde g\u00fcnde 1 kez sadece geceleri olmak kayd\u0131yla birka\u00e7 damla olarak uygulanmal\u0131d\u0131r. Peeling, AHA\/BHA asitleri veya Vitamin C i\u00e7eren \u00fcr\u00fcnlerle birlikte kullanmaktan ka\u00e7\u0131n\u0131n. Kullan\u0131m sonras\u0131, etkisini art\u0131rmak i\u00e7in biraz bekledikten sonra nemlendiricinizi veya gece kreminizi uygulay\u0131n.<\/span><\/span><\/span><\/p>\n<p style=\"margin-bottom: 11px;\"><span style=\"font-size: 11pt;\"><span style=\"line-height: 115%;\"><span style=\"font-family: Aptos,sans-serif;\"><b>What is Retinol?<\/b> <\/span><\/span><\/span><\/p>\n<p style=\"margin-bottom: 11px;\"><span style=\"font-size: 11pt;\"><span style=\"line-height: 115%;\"><span style=\"font-family: Aptos,sans-serif;\">Retinol, A vitamininin g\u00fc\u00e7l\u00fc bir t\u00fcrevidir. Cildinize gen\u00e7lik kazand\u0131rarak, ince \u00e7izgileri ve k\u0131r\u0131\u015f\u0131kl\u0131klar\u0131 azalt\u0131r, cilt tonunu e\u015fitler ve cilt dokusunu iyile\u015ftirir. Daha gen\u00e7 ve sa\u011fl\u0131kl\u0131 bir cilt g\u00f6r\u00fcn\u00fcm\u00fc i\u00e7in en etkili bile\u015fenlerden biridir.<\/span><\/span><\/span><\/p>\n<p style=\"margin-bottom: 11px;\"><span style=\"font-size: 11pt;\"><span style=\"line-height: 115%;\"><span style=\"font-family: Aptos,sans-serif;\"><b>Who can use?<\/b><\/span><\/span><\/span><\/p>\n<ul>\n<li style=\"margin-bottom: 11px;\"><span style=\"font-size: 11pt;\"><span style=\"line-height: 115%;\"><span style=\"font-family: Aptos,sans-serif;\">Women who are pregnant or planning to become pregnant should not use it.<\/span><\/span><\/span><\/li>\n<li style=\"margin-bottom: 11px;\"><span style=\"font-size: 11pt;\"><span style=\"line-height: 115%;\"><span style=\"font-family: Aptos,sans-serif;\">People with sensitive skin types should test on a small area first.<\/span><\/span><\/span><\/li>\n<li style=\"margin-bottom: 11px;\"><span style=\"font-size: 11pt;\"><span style=\"line-height: 115%;\"><span style=\"font-family: Aptos,sans-serif;\">Avoid applying around the eyes.<\/span><\/span><\/span><\/li>\n<\/ul>\n<p style=\"margin-bottom: 11px;\"><span style=\"font-size: 11pt;\"><span style=\"line-height: 115%;\"><span style=\"font-family: Aptos,sans-serif;\"><b>Which products should it not be used with?<\/b><\/span><\/span><\/span><\/p>\n<ul>\n<li style=\"margin-bottom: 11px;\"><span style=\"font-size: 11pt;\"><span style=\"line-height: 115%;\"><span style=\"font-family: Aptos,sans-serif;\">Products containing AHA and BHA.<\/span><\/span><\/span><\/li>\n<li style=\"margin-bottom: 11px;\"><span style=\"font-size: 11pt;\"><span style=\"line-height: 115%;\"><span style=\"font-family: Aptos,sans-serif;\">Serums and cleansers containing Vitamin C.<\/span><\/span><\/span><\/li>\n<\/ul>\n<p style=\"margin-bottom: 11px;\"><span style=\"font-size: 11pt;\"><span style=\"line-height: 115%;\"><span style=\"font-family: Aptos,sans-serif;\"><b>Which products can it be used with?<\/b><\/span><\/span><\/span><\/p>\n<ul>\n<li style=\"margin-bottom: 11px;\"><span style=\"font-size: 11pt;\"><span style=\"line-height: 115%;\"><span style=\"font-family: Aptos,sans-serif;\">It is perfectly compatible with moisturizers containing hyaluronic acid.<\/span><\/span><\/span><\/li>\n<li style=\"margin-bottom: 11px;\"><span style=\"font-size: 11pt;\"><span style=\"line-height: 115%;\"><span style=\"font-family: Aptos,sans-serif;\">You can provide extra protection by combining it with soothing and moisturizing creams.<\/span><\/span><\/span><\/li>\n<\/ul>\n<p style=\"margin-bottom: 11px;\"><span style=\"font-size: 11pt;\"><span style=\"line-height: 115%;\"><span style=\"font-family: Aptos,sans-serif;\"><b>Warnings:<\/b><\/span><\/span><\/span><\/p>\n<ul>\n<li style=\"margin-bottom: 11px;\"><span style=\"font-size: 11pt;\"><span style=\"line-height: 115%;\"><span style=\"font-family: Aptos,sans-serif;\">Avoid contact with eyes. In case of contact, rinse with plenty of water.<\/span><\/span><\/span><\/li>\n<li style=\"margin-bottom: 11px;\"><span style=\"font-size: 11pt;\"><span style=\"line-height: 115%;\"><span style=\"font-family: Aptos,sans-serif;\">Store out of reach of children and at room temperature.<\/span><\/span><\/span><\/li>\n<li style=\"margin-bottom: 11px;\"><span style=\"font-size: 11pt;\"><span style=\"line-height: 115%;\"><span style=\"font-family: Aptos,sans-serif;\">Protect from direct sunlight.<\/span><\/span><\/span><\/li>\n<\/ul>\n<p style=\"margin-bottom: 11px;\"><span style=\"font-size: 11pt;\"><span style=\"line-height: 115%;\"><span style=\"font-family: Aptos,sans-serif;\"><b>Ingredients:<\/b> C12-15 Alkyl Benzoate, Squalane, Tocopheryl Acetate, Simmondsia Chinensis (Jojoba) Seed Oil, Retinyl Palmitate, Helianthus Annuus Seed Oil, Parfum.<\/span><\/span><\/span><\/p>\n<p>&nbsp;<\/p>\n<p>&nbsp;<\/p>\n<p>&nbsp;<\/p>\n<p>&nbsp;<\/p>\n<p>&nbsp;<\/p>\n<p>&nbsp;<\/p>\n<p>&nbsp;<\/p>","protected":false},"excerpt":{"rendered":"<p style=\"margin-bottom: 11px;\"><span style=\"font-size: 12pt;\"><span style=\"line-height: 115%;\"><span style=\"font-family: Aptos,sans-serif;\"><span style=\"font-size: 9.0pt;\">OIA Retinol Serum provides an anti-aging effect by providing a natural renewal to your skin. This miraculous serum, which gives your skin brightness and smoothness, fights fine lines and wrinkles. With this product, which is suitable for all skin types, you will notice the change in your skin in a short time!<\/span><\/span><\/span><\/span><\/p>","protected":false},"featured_media":2391,"comment_status":"open","ping_status":"closed","template":"","meta":{"_acf_changed":false,"_seopress_robots_primary_cat":"none","_seopress_titles_title":"","_seopress_titles_desc":"","_seopress_robots_index":""},"product_brand":[],"product_cat":[124,103,78,91,90,17,35,85,34,86,16,24],"product_tag":[],"class_list":{"0":"post-111","1":"product","2":"type-product","3":"status-publish","4":"has-post-thumbnail","6":"product_cat-annelergunu","7":"product_cat-retinol","8":"product_cat-cilt-tipine-gore","9":"product_cat-karma-cilt","10":"product_cat-yagli-cilt","11":"product_cat-ihtiyaca-gore","12":"product_cat-leke-cilt-tonu-esitleme","13":"product_cat-gozenek-sikilastirici","14":"product_cat-yaslanma-karsiti","15":"product_cat-dogal-botoks","16":"product_cat-urunler","17":"product_cat-serumlar","19":"first","20":"instock","21":"featured","22":"taxable","23":"shipping-taxable","24":"purchasable","25":"product-type-simple"},"acf":[],"_links":{"self":[{"href":"https:\/\/oiaformore.com\/en\/wp-json\/wp\/v2\/product\/111","targetHints":{"allow":["GET"]}}],"collection":[{"href":"https:\/\/oiaformore.com\/en\/wp-json\/wp\/v2\/product"}],"about":[{"href":"https:\/\/oiaformore.com\/en\/wp-json\/wp\/v2\/types\/product"}],"replies":[{"embeddable":true,"href":"https:\/\/oiaformore.com\/en\/wp-json\/wp\/v2\/comments?post=111"}],"version-history":[{"count":16,"href":"https:\/\/oiaformore.com\/en\/wp-json\/wp\/v2\/product\/111\/revisions"}],"predecessor-version":[{"id":2469,"href":"https:\/\/oiaformore.com\/en\/wp-json\/wp\/v2\/product\/111\/revisions\/2469"}],"wp:featuredmedia":[{"embeddable":true,"href":"https:\/\/oiaformore.com\/en\/wp-json\/wp\/v2\/media\/2391"}],"wp:attachment":[{"href":"https:\/\/oiaformore.com\/en\/wp-json\/wp\/v2\/media?parent=111"}],"wp:term":[{"taxonomy":"product_brand","embeddable":true,"href":"https:\/\/oiaformore.com\/en\/wp-json\/wp\/v2\/product_brand?post=111"},{"taxonomy":"product_cat","embeddable":true,"href":"https:\/\/oiaformore.com\/en\/wp-json\/wp\/v2\/product_cat?post=111"},{"taxonomy":"product_tag","embeddable":true,"href":"https:\/\/oiaformore.com\/en\/wp-json\/wp\/v2\/product_tag?post=111"}],"curies":[{"name":"wp","href":"https:\/\/api.w.org\/{rel}","templated":true}]}}