{"id":112,"date":"2024-06-11T22:18:29","date_gmt":"2024-06-11T19:18:29","guid":{"rendered":"http:\/\/oia.orucerem.com\/index.php\/urun\/shea-hyaluronic-ozone-serum\/"},"modified":"2026-04-08T22:45:16","modified_gmt":"2026-04-08T19:45:16","slug":"shea-hyaluronic-ozone-serum","status":"publish","type":"product","link":"https:\/\/oiaformore.com\/en\/product\/shea-hyaluronic-ozone-serum\/","title":{"rendered":"Shea Butter Hyaluronic Ozon Serum"},"content":{"rendered":"<p style=\"margin-bottom: 12px; font-size: 11pt; line-height: 115%; font-family: Aptos,sans-serif;\"><b>Intense Moisture and Protection for Your Skin!<\/b><\/p>\n<p style=\"margin-bottom: 12px; font-size: 11pt; line-height: 115%; font-family: Aptos,sans-serif;\">OIA Shea Hyaluronic Ozone Serum combines the power of ozone with hyaluronic acid and shea butter to provide intense moisture and protection to your skin. Specially developed for skin that experiences dryness in summer and winter, this serum maintains your skin's moisture balance and reduces the feeling of dryness. It is suitable for all skin types and will make a difference in your skin!<\/p>\n<p style=\"margin-bottom: 12px; font-size: 11pt; line-height: 115%; font-family: Aptos,sans-serif;\"><b>Featured Active Ingredients:<\/b><\/p>\n<ul style=\"font-size: 11pt; line-height: 115%; font-family: Aptos,sans-serif;\">\n<li><b>Hyaluronic Acid (%2):<\/b> Cildinize derinlemesine nem sa\u011flar, cilt dokusunu yumu\u015fat\u0131r ve p\u00fcr\u00fczs\u00fczle\u015ftirir.<\/li>\n<li><b>Shea Butter (%4):<\/b> Yo\u011fun nem deste\u011fi sa\u011flar ve cildi besler, cilt bariyerini g\u00fc\u00e7lendirir.<\/li>\n<li><b>Ozonized Olive Oil (%2):<\/b> G\u00fc\u00e7l\u00fc antioksidan \u00f6zellikleri ile cildi korur ve yeniler.<\/li>\n<li><b>Rose Oil (%1):<\/b> Cildi yat\u0131\u015ft\u0131r\u0131r, nemlendirir ve do\u011fal bir \u0131\u015f\u0131lt\u0131 kazand\u0131r\u0131r.<\/li>\n<\/ul>\n<p style=\"margin-bottom: 12px; font-size: 11pt; line-height: 115%; font-family: Aptos,sans-serif;\"><b>How to use?<\/b><\/p>\n<p style=\"margin-bottom: 12px; font-size: 11pt; line-height: 115%; font-family: Aptos,sans-serif;\">Apply OIA Shea Hyaluronic Ozone Serum to face, neck and d\u00e9collet\u00e9, excluding the eye area, after cleansing or toning. Suitable for day or night use. After application, be sure to apply your OIA Timeless Cream moisturizer or OIA Caviar Cream. It is recommended to renew the OIA Sun Cream sunscreen with at least SPF 50 every 4 hours throughout the day. It is easily absorbed and provides comfortable care.<\/p>\n<p style=\"margin-bottom: 12px; font-size: 11pt; line-height: 115%; font-family: Aptos,sans-serif;\"><b>What is Shea Hyaluronic Ozone Serum?<\/b><\/p>\n<p style=\"margin-bottom: 12px; font-size: 11pt; line-height: 115%; font-family: Aptos,sans-serif;\">Shea Hyaluronic Ozone Serum is a serum that provides intense moisture and protection to your skin. It protects the skin's moisture balance with the power of ozone, deeply moisturizes the skin with hyaluronic acid and nourishes it with shea butter. It makes your skin healthier, brighter and more vibrant.<\/p>\n<p style=\"margin-bottom: 12px; font-size: 11pt; line-height: 115%; font-family: Aptos,sans-serif;\"><b>Who can use?<\/b><\/p>\n<ul style=\"font-size: 11pt; line-height: 115%; font-family: Aptos,sans-serif;\">\n<li>Genel olarak herkese uygundur.<\/li>\n<li>People with sensitive skin types should test on a small area first.<\/li>\n<li>Avoid applying around the eyes.<\/li>\n<\/ul>\n<p style=\"margin-bottom: 12px; font-size: 11pt; line-height: 115%; font-family: Aptos,sans-serif;\"><b>Which products should it not be used with?<\/b><\/p>\n<ul style=\"font-size: 11pt; line-height: 115%; font-family: Aptos,sans-serif;\">\n<li>Products containing AHA and BHA.<\/li>\n<li>Serums and cleansers containing retinol.<\/li>\n<\/ul>\n<p style=\"margin-bottom: 12px; font-size: 11pt; line-height: 115%; font-family: Aptos,sans-serif;\"><b>Which products can it be used with?<\/b><\/p>\n<ul style=\"font-size: 11pt; line-height: 115%; font-family: Aptos,sans-serif;\">\n<li>It is perfectly compatible with moisturizers containing hyaluronic acid.<\/li>\n<li>You can provide extra protection by combining it with soothing and moisturizing creams.<\/li>\n<\/ul>\n<p style=\"margin-bottom: 12px; font-size: 11pt; line-height: 115%; font-family: Aptos,sans-serif;\"><b>Warnings:<\/b><\/p>\n<ul style=\"font-size: 11pt; line-height: 115%; font-family: Aptos,sans-serif;\">\n<li>Avoid contact with eyes. In case of contact, rinse with plenty of water.<\/li>\n<li>Store out of reach of children and at room temperature.<\/li>\n<li>Protect from direct sunlight.<\/li>\n<\/ul>\n<p style=\"margin-bottom: 12px; font-size: 11pt; line-height: 115%; font-family: Aptos,sans-serif;\"><b>Ingredients:<\/b> Ozonized Olive Oil, Hyaluronic Acid, Butyrospermum Parkii Butter, Rose Flower Oil.<\/p>","protected":false},"excerpt":{"rendered":"<p style=\"margin-bottom: 12px;\"><span style=\"font-size: 12pt;\"><span style=\"line-height: 100%;\"><span style=\"font-family: Aptos,sans-serif;\"><b><span style=\"font-size: 12.0pt;\">Intense Moisture and Protection for Your Skin!<\/span><\/b> <\/span><\/span><\/span><\/p>\n<p style=\"margin-bottom: 12px;\"><span style=\"font-size: 12pt;\"><span style=\"line-height: 100%;\"><span style=\"font-family: Aptos,sans-serif;\"><span style=\"font-size: 12.0pt;\">OIA Shea Hyaluronic Ozone Serum combines the power of ozone with hyaluronic acid and shea butter to provide intense moisture and protection to your skin.<\/span><\/span><\/span><\/span><\/p>","protected":false},"featured_media":2389,"comment_status":"open","ping_status":"closed","template":"","meta":{"_acf_changed":false,"_seopress_robots_primary_cat":"none","_seopress_titles_title":"","_seopress_titles_desc":"OIA Shea Hyaluronic Ozone Serum: Hassas ciltlere \u00f6zel, nemlendirici y\u00fcz serumu. Hyal\u00fcronik asit ve aktif oksijen i\u00e7erir. G\u00fcne\u015f koruyucu ile kullan\u0131lmal\u0131.","_seopress_robots_index":""},"product_brand":[],"product_cat":[89,17,35,34,33,86,40,16,24],"product_tag":[],"class_list":{"0":"post-112","1":"product","2":"type-product","3":"status-publish","4":"has-post-thumbnail","6":"product_cat-kuru-cilt","7":"product_cat-ihtiyaca-gore","8":"product_cat-leke-cilt-tonu-esitleme","9":"product_cat-yaslanma-karsiti","10":"product_cat-yogun-nemlendirme","11":"product_cat-dogal-botoks","12":"product_cat-gunluk","13":"product_cat-urunler","14":"product_cat-serumlar","16":"first","17":"onbackorder","18":"featured","19":"taxable","20":"shipping-taxable","21":"purchasable","22":"product-type-simple"},"acf":[],"_links":{"self":[{"href":"https:\/\/oiaformore.com\/en\/wp-json\/wp\/v2\/product\/112","targetHints":{"allow":["GET"]}}],"collection":[{"href":"https:\/\/oiaformore.com\/en\/wp-json\/wp\/v2\/product"}],"about":[{"href":"https:\/\/oiaformore.com\/en\/wp-json\/wp\/v2\/types\/product"}],"replies":[{"embeddable":true,"href":"https:\/\/oiaformore.com\/en\/wp-json\/wp\/v2\/comments?post=112"}],"version-history":[{"count":8,"href":"https:\/\/oiaformore.com\/en\/wp-json\/wp\/v2\/product\/112\/revisions"}],"predecessor-version":[{"id":3139,"href":"https:\/\/oiaformore.com\/en\/wp-json\/wp\/v2\/product\/112\/revisions\/3139"}],"wp:featuredmedia":[{"embeddable":true,"href":"https:\/\/oiaformore.com\/en\/wp-json\/wp\/v2\/media\/2389"}],"wp:attachment":[{"href":"https:\/\/oiaformore.com\/en\/wp-json\/wp\/v2\/media?parent=112"}],"wp:term":[{"taxonomy":"product_brand","embeddable":true,"href":"https:\/\/oiaformore.com\/en\/wp-json\/wp\/v2\/product_brand?post=112"},{"taxonomy":"product_cat","embeddable":true,"href":"https:\/\/oiaformore.com\/en\/wp-json\/wp\/v2\/product_cat?post=112"},{"taxonomy":"product_tag","embeddable":true,"href":"https:\/\/oiaformore.com\/en\/wp-json\/wp\/v2\/product_tag?post=112"}],"curies":[{"name":"wp","href":"https:\/\/api.w.org\/{rel}","templated":true}]}}