{"id":113,"date":"2024-06-11T22:31:00","date_gmt":"2024-06-11T19:31:00","guid":{"rendered":"http:\/\/oia.orucerem.com\/index.php\/urun\/postbiotic-collagen-serum\/"},"modified":"2026-03-03T15:31:00","modified_gmt":"2026-03-03T12:31:00","slug":"postbiotic-collagen-serum","status":"publish","type":"product","link":"https:\/\/oiaformore.com\/en\/product\/postbiotic-collagen-serum\/","title":{"rendered":"Postbiotic Collagen Serum"},"content":{"rendered":"<p style=\"margin-bottom: 11px; font-size: 11pt; line-height: 115%; font-family: Aptos,sans-serif;\"><b>Add Youth and Vitality to Your Skin!<\/b><\/p>\n<p style=\"margin-bottom: 11px; font-size: 11pt; line-height: 115%; font-family: Aptos,sans-serif;\">OIA Postbiotic Collagen Serum, cildinize ihtiyac\u0131 olan gen\u00e7lik ve canl\u0131l\u0131\u011f\u0131 geri kazand\u0131rmak i\u00e7in \u00f6zel olarak form\u00fcle edilmi\u015ftir. Kolajen ve probiyotik i\u00e7eri\u011fi ile cildin elastikiyetini art\u0131rarak daha s\u0131k\u0131 bir g\u00f6r\u00fcn\u00fcm sa\u011flar. Niacinamide ve Panthenol, cilt bariyer fonksiyonunu g\u00fc\u00e7lendirir ve cilt tonunu e\u015fitler. Laktik Asit ve Glikolik Asit sayesinde cilt y\u00fczeyini yenileyerek daha p\u00fcr\u00fczs\u00fcz ve ayd\u0131nl\u0131k bir cilt ortaya \u00e7\u0131kar\u0131r. T\u00fcm cilt tipleri i\u00e7in uygundur.<\/p>\n<p style=\"margin-bottom: 11px; font-size: 11pt; line-height: 115%; font-family: Aptos,sans-serif;\"><b>Featured Active Ingredients:<\/b><\/p>\n<ul style=\"font-size: 11pt; line-height: 115%; font-family: Aptos,sans-serif;\">\n<li><b>Collagen (%3):<\/b> Cildin elastikiyetini art\u0131r\u0131r ve s\u0131k\u0131la\u015ft\u0131r\u0131r.<\/li>\n<li><b>Bacillus Ferment (%2):<\/b> Cildi yat\u0131\u015ft\u0131r\u0131r ve probiyotik deste\u011fi sa\u011flar.<\/li>\n<li><b>Niacinamide (Vitamin B3) (%5):<\/b> Cilt bariyerini g\u00fc\u00e7lendirir ve cilt tonunu e\u015fitler.<\/li>\n<li><b>Lactic Acid (%2):<\/b> Hafif eksfoliant etkisiyle cildi yeniler ve ayd\u0131nlat\u0131r.<\/li>\n<li><b>Glycolic Acid (%2):<\/b> It smoothes the skin surface and improves skin texture.<\/li>\n<li><b>Panthenol (Vitamin B5) (%1):<\/b> Cildi nemlendirir ve onar\u0131r.<\/li>\n<\/ul>\n<p style=\"margin-bottom: 11px; font-size: 11pt; line-height: 115%; font-family: Aptos,sans-serif;\"><b>How to use?<\/b><\/p>\n<p style=\"margin-bottom: 11px; font-size: 11pt; line-height: 115%; font-family: Aptos,sans-serif;\">Apply regularly to clean skin, face, neck and d\u00e9collet\u00e9, excluding the eye area. Can be used as part of your morning and\/or evening routine. After applying the product, follow with a moisturizer or sunscreen cream according to your skin needs. Gently massage until the serum is completely absorbed into the skin.<\/p>\n<p style=\"margin-bottom: 11px; font-size: 11pt; line-height: 115%; font-family: Aptos,sans-serif;\"><b>What is Postbiotic Collagen Serum?<\/b><\/p>\n<p style=\"margin-bottom: 11px; font-size: 11pt; line-height: 115%; font-family: Aptos,sans-serif;\">Postbiotic Collagen Serum is formulated to restore the youth and vitality your skin needs. With its collagen and probiotic content, it tightens the skin by increasing its elasticity, strengthens the skin barrier with niacinamide and panthenol and evens out skin tone. Thanks to lactic acid and glycolic acid, it renews the skin surface and provides a smoother and brighter skin.<\/p>\n<p style=\"margin-bottom: 11px; font-size: 11pt; line-height: 115%; font-family: Aptos,sans-serif;\"><b>Who can use?<\/b><\/p>\n<ul style=\"font-size: 11pt; line-height: 115%; font-family: Aptos,sans-serif;\">\n<li>People with sensitive skin types should test on a small area first.<\/li>\n<li>Avoid applying around the eyes.<\/li>\n<\/ul>\n<p style=\"margin-bottom: 11px; font-size: 11pt; line-height: 115%; font-family: Aptos,sans-serif;\"><b>Which products should it not be used with?<\/b><\/p>\n<ul style=\"font-size: 11pt; line-height: 115%; font-family: Aptos,sans-serif;\">\n<li>Products containing AHA and BHA.<\/li>\n<li>Serums and cleansers containing retinol.<\/li>\n<\/ul>\n<p style=\"margin-bottom: 11px; font-size: 11pt; line-height: 115%; font-family: Aptos,sans-serif;\"><b>Which products can it be used with?<\/b><\/p>\n<ul style=\"font-size: 11pt; line-height: 115%; font-family: Aptos,sans-serif;\">\n<li>Hyaluronik asit i\u00e7eren nemlendiricilerle, OIA Timeless, Ageless Cream ve OIA Caviar Cream ile m\u00fckemmel uyum sa\u011flar.<\/li>\n<li>You can provide extra protection by combining it with soothing and moisturizing serums.<\/li>\n<\/ul>\n<p style=\"margin-bottom: 11px; font-size: 11pt; line-height: 115%; font-family: Aptos,sans-serif;\"><b>Warnings:<\/b><\/p>\n<ul style=\"font-size: 11pt; line-height: 115%; font-family: Aptos,sans-serif;\">\n<li>Avoid contact with eyes. In case of contact, rinse with plenty of water.<\/li>\n<li>Keep out of reach of children.<\/li>\n<li>Protect from direct sunlight and excessive heat.<\/li>\n<li>To maintain the effectiveness of the product, store it in its original packaging and at room temperature.<\/li>\n<\/ul>\n<p style=\"margin-bottom: 11px; font-size: 11pt; line-height: 115%; font-family: Aptos,sans-serif;\"><b>Ingredients:<\/b> Aqua, Collagen, Niacinamide, Panthenol, Bacillus Ferment, Peg-12 Dimethicone, Pentylene Glycol, Phenoxyethanol, Hydroxyethylcellulose, Allantoin, Polysorbate 20, Ethylhexylglycerin, Sodium Hyaluronate, Parfum, Tetrasodium EDTA, Polyvinyl Alcohol, Copper Palmitoyl Heptapeptide-14, Heptapeptide-15 Palmitate, Xanthan Gum, Phenylpropanol, Glyceryl Caprylate, Glyceryl, Caprylyl Glycol, Lactic Acid, Lactic Acid\/Glycolic Acid Copolymer, Alpha-Isomethyl Ionone, Hexyl Cinnamal, Linalool.<\/p>","protected":false},"excerpt":{"rendered":"<p><span style=\"font-size: 12pt;\"><span style=\"line-height: 115%;\"><span style=\"font-family: Aptos,sans-serif;\"><span style=\"font-size: 9.0pt;\">Add Youth and Vitality to Your Skin!<\/span><span style=\"font-size: 9.0pt;\"> OIA Postbiotic Collagen Serum is specially formulated to restore the youth and vitality your skin needs. With its collagen and probiotic content, it increases the elasticity of the skin and provides a tighter appearance. Niacinamide and Panthenol strengthen the skin barrier function and even out skin tone. Thanks to Lactic Acid and Glycolic Acid, it renews the skin surface and reveals a smoother and brighter skin.<\/span><\/span><\/span><\/span><\/p>","protected":false},"featured_media":2387,"comment_status":"open","ping_status":"closed","template":"","meta":{"_acf_changed":false,"_seopress_robots_primary_cat":"none","_seopress_titles_title":"","_seopress_titles_desc":"","_seopress_robots_index":""},"product_brand":[],"product_cat":[89,91,92,90,35,85,34,16,24],"product_tag":[],"class_list":{"0":"post-113","1":"product","2":"type-product","3":"status-publish","4":"has-post-thumbnail","6":"product_cat-kuru-cilt","7":"product_cat-karma-cilt","8":"product_cat-hassas-cilt","9":"product_cat-yagli-cilt","10":"product_cat-leke-cilt-tonu-esitleme","11":"product_cat-gozenek-sikilastirici","12":"product_cat-yaslanma-karsiti","13":"product_cat-urunler","14":"product_cat-serumlar","16":"first","17":"instock","18":"taxable","19":"shipping-taxable","20":"purchasable","21":"product-type-simple"},"acf":[],"_links":{"self":[{"href":"https:\/\/oiaformore.com\/en\/wp-json\/wp\/v2\/product\/113","targetHints":{"allow":["GET"]}}],"collection":[{"href":"https:\/\/oiaformore.com\/en\/wp-json\/wp\/v2\/product"}],"about":[{"href":"https:\/\/oiaformore.com\/en\/wp-json\/wp\/v2\/types\/product"}],"replies":[{"embeddable":true,"href":"https:\/\/oiaformore.com\/en\/wp-json\/wp\/v2\/comments?post=113"}],"version-history":[{"count":8,"href":"https:\/\/oiaformore.com\/en\/wp-json\/wp\/v2\/product\/113\/revisions"}],"predecessor-version":[{"id":3140,"href":"https:\/\/oiaformore.com\/en\/wp-json\/wp\/v2\/product\/113\/revisions\/3140"}],"wp:featuredmedia":[{"embeddable":true,"href":"https:\/\/oiaformore.com\/en\/wp-json\/wp\/v2\/media\/2387"}],"wp:attachment":[{"href":"https:\/\/oiaformore.com\/en\/wp-json\/wp\/v2\/media?parent=113"}],"wp:term":[{"taxonomy":"product_brand","embeddable":true,"href":"https:\/\/oiaformore.com\/en\/wp-json\/wp\/v2\/product_brand?post=113"},{"taxonomy":"product_cat","embeddable":true,"href":"https:\/\/oiaformore.com\/en\/wp-json\/wp\/v2\/product_cat?post=113"},{"taxonomy":"product_tag","embeddable":true,"href":"https:\/\/oiaformore.com\/en\/wp-json\/wp\/v2\/product_tag?post=113"}],"curies":[{"name":"wp","href":"https:\/\/api.w.org\/{rel}","templated":true}]}}