{"id":114,"date":"2024-06-14T13:19:58","date_gmt":"2024-06-14T10:19:58","guid":{"rendered":"http:\/\/oia.orucerem.com\/index.php\/urun\/caviar-peptide-cream\/"},"modified":"2026-03-12T15:34:05","modified_gmt":"2026-03-12T12:34:05","slug":"caviar-peptide-cream","status":"publish","type":"product","link":"https:\/\/oiaformore.com\/en\/product\/caviar-peptide-cream\/","title":{"rendered":"Caviar Peptide Cream 50 ml"},"content":{"rendered":"<p style=\"margin-bottom: 11px;\"><span style=\"font-size: 12pt;\"><span style=\"line-height: 115%;\"><span style=\"font-family: Aptos,sans-serif;\"><b><span style=\"font-size: 9.0pt;\"><span style=\"line-height: 115%;\">Perfect Care for Mature Skin!<\/span><\/span><\/b><span style=\"font-size: 9.0pt;\"><span style=\"line-height: 115%;\"> OIA Caviar Peptide Cream provides moisturizing and anti-aging (healthy-aging) effects for mature skin. Strengthens the skin barrier and nourishes the skin. With caviar extract in its content, it lightens the signs of aging, tightens and helps reduce the appearance of fine lines. Protects your skin against damage caused by sun, smoking and environmental factors, offers a brighter, livelier and healthier appearance.<\/span><\/span><\/span><\/span><\/span><\/p>\n<p style=\"margin-bottom: 11px;\"><span style=\"font-size: 12pt;\"><span style=\"line-height: 115%;\"><span style=\"font-family: Aptos,sans-serif;\"><b><span style=\"font-size: 9.0pt;\"><span style=\"line-height: 115%;\">Featured Active Ingredients:<\/span><\/span><\/b><\/span><\/span><\/span><\/p>\n<ul>\n<li style=\"margin-bottom: 11px;\"><span style=\"font-size: 12pt;\"><span style=\"tab-stops: list 36.0pt;\"><span style=\"line-height: 115%;\"><span style=\"font-family: Aptos,sans-serif;\"><b><span style=\"font-size: 9.0pt;\"><span style=\"line-height: 115%;\">Caviar Extract (Havyar \u00d6z\u00fc):<\/span><\/span><\/b><span style=\"font-size: 9.0pt;\"><span style=\"line-height: 115%;\"> Zengin besin i\u00e7eri\u011fi ile cildi besler ve ya\u015flanma belirtilerini azalt\u0131r.<\/span><\/span><\/span><\/span><\/span><\/span><\/li>\n<li style=\"margin-bottom: 11px;\"><span style=\"font-size: 12pt;\"><span style=\"tab-stops: list 36.0pt;\"><span style=\"line-height: 115%;\"><span style=\"font-family: Aptos,sans-serif;\"><b><span style=\"font-size: 9.0pt;\"><span style=\"line-height: 115%;\">Hexapeptide-8:<\/span><\/span><\/b><span style=\"font-size: 9.0pt;\"><span style=\"line-height: 115%;\"> Cildin elastikiyetini art\u0131r\u0131r ve k\u0131r\u0131\u015f\u0131kl\u0131klar\u0131 azalt\u0131r.<\/span><\/span><\/span><\/span><\/span><\/span><\/li>\n<li style=\"margin-bottom: 11px;\"><span style=\"font-size: 12pt;\"><span style=\"tab-stops: list 36.0pt;\"><span style=\"line-height: 115%;\"><span style=\"font-family: Aptos,sans-serif;\"><b><span style=\"font-size: 9.0pt;\"><span style=\"line-height: 115%;\">Ozonlanm\u0131\u015f Zeytinya\u011f\u0131:<\/span><\/span><\/b><span style=\"font-size: 9.0pt;\"><span style=\"line-height: 115%;\"> G\u00fc\u00e7l\u00fc bir antioksidan olup cildi nemlendirir ve yeniler.<\/span><\/span><\/span><\/span><\/span><\/span><\/li>\n<li style=\"margin-bottom: 11px;\"><span style=\"font-size: 12pt;\"><span style=\"tab-stops: list 36.0pt;\"><span style=\"line-height: 115%;\"><span style=\"font-family: Aptos,sans-serif;\"><b><span style=\"font-size: 9.0pt;\"><span style=\"line-height: 115%;\">Centella Asiatica Extract:<\/span><\/span><\/b><span style=\"font-size: 9.0pt;\"><span style=\"line-height: 115%;\"> Cildi yat\u0131\u015ft\u0131r\u0131r ve onar\u0131r, cilt bariyerini g\u00fc\u00e7lendirir.<\/span><\/span><\/span><\/span><\/span><\/span><\/li>\n<\/ul>\n<p style=\"margin-bottom: 11px;\"><span style=\"font-size: 12pt;\"><span style=\"line-height: 115%;\"><span style=\"font-family: Aptos,sans-serif;\"><b><span style=\"font-size: 9.0pt;\"><span style=\"line-height: 115%;\">How to use?<\/span><\/span><\/b><span style=\"font-size: 9.0pt;\"><span style=\"line-height: 115%;\"> OIA Caviar Peptide Cream is applied to cleansed and toned skin in the morning and evening, using one or two pumps in circular motions. If you are using another serum, spot treatment or moisturizer, it should be applied before OIA Caviar Peptide Cream.<b><\/b><\/span><\/span><\/span><\/span><\/span><\/p>\n<p style=\"margin-bottom: 11px;\"><span style=\"font-size: 12pt;\"><span style=\"line-height: 115%;\"><span style=\"font-family: Aptos,sans-serif;\"><b><span style=\"font-size: 9.0pt;\"><span style=\"line-height: 115%;\">Who can use?<\/span><\/span><\/b><\/span><\/span><\/span><\/p>\n<ul>\n<li style=\"margin-bottom: 11px;\"><span style=\"font-size: 12pt;\"><span style=\"tab-stops: list 36.0pt;\"><span style=\"line-height: 115%;\"><span style=\"font-family: Aptos,sans-serif;\"><span style=\"font-size: 9.0pt;\"><span style=\"line-height: 115%;\">People with sensitive skin types should test on a small area first.<\/span><\/span><\/span><\/span><\/span><\/span><\/li>\n<li style=\"margin-bottom: 11px;\"><span style=\"font-size: 12pt;\"><span style=\"tab-stops: list 36.0pt;\"><span style=\"line-height: 115%;\"><span style=\"font-family: Aptos,sans-serif;\"><span style=\"font-size: 9.0pt;\"><span style=\"line-height: 115%;\">Avoid applying around the eyes.<\/span><\/span><\/span><\/span><\/span><\/span><\/li>\n<\/ul>\n<p style=\"margin-bottom: 11px;\"><span style=\"font-size: 12pt;\"><span style=\"line-height: 115%;\"><span style=\"font-family: Aptos,sans-serif;\"><b><span style=\"font-size: 9.0pt;\"><span style=\"line-height: 115%;\">Which products should it not be used with?<\/span><\/span><\/b><\/span><\/span><\/span><\/p>\n<ul>\n<li style=\"margin-bottom: 11px;\"><span style=\"font-size: 12pt;\"><span style=\"tab-stops: list 36.0pt;\"><span style=\"line-height: 115%;\"><span style=\"font-family: Aptos,sans-serif;\"><span style=\"font-size: 9.0pt;\"><span style=\"line-height: 115%;\">Products containing intensive exfoliants.<\/span><\/span><\/span><\/span><\/span><\/span><\/li>\n<li style=\"margin-bottom: 11px;\"><span style=\"font-size: 12pt;\"><span style=\"tab-stops: list 36.0pt;\"><span style=\"line-height: 115%;\"><span style=\"font-family: Aptos,sans-serif;\"><span style=\"font-size: 9.0pt;\"><span style=\"line-height: 115%;\">Serums and cleansers containing retinol.<\/span><\/span><\/span><\/span><\/span><\/span><\/li>\n<\/ul>\n<p style=\"margin-bottom: 11px;\"><span style=\"font-size: 12pt;\"><span style=\"line-height: 115%;\"><span style=\"font-family: Aptos,sans-serif;\"><b><span style=\"font-size: 9.0pt;\"><span style=\"line-height: 115%;\">Which products can it be used with?<\/span><\/span><\/b><\/span><\/span><\/span><\/p>\n<ul>\n<li style=\"margin-bottom: 11px;\"><span style=\"font-size: 12pt;\"><span style=\"tab-stops: list 36.0pt;\"><span style=\"line-height: 115%;\"><span style=\"font-family: Aptos,sans-serif;\"><span style=\"font-size: 9.0pt;\"><span style=\"line-height: 115%;\">It is perfectly compatible with moisturizers containing hyaluronic acid.<\/span><\/span><\/span><\/span><\/span><\/span><\/li>\n<li style=\"margin-bottom: 11px;\"><span style=\"font-size: 12pt;\"><span style=\"tab-stops: list 36.0pt;\"><span style=\"line-height: 115%;\"><span style=\"font-family: Aptos,sans-serif;\"><span style=\"font-size: 9.0pt;\"><span style=\"line-height: 115%;\">You can provide extra protection by combining it with soothing and moisturizing serums.<\/span><\/span><\/span><\/span><\/span><\/span><\/li>\n<\/ul>\n<p style=\"margin-bottom: 11px;\"><span style=\"font-size: 12pt;\"><span style=\"line-height: 115%;\"><span style=\"font-family: Aptos,sans-serif;\"><b><span style=\"font-size: 9.0pt;\"><span style=\"line-height: 115%;\">Warnings:<\/span><\/span><\/b><\/span><\/span><\/span><\/p>\n<ul>\n<li style=\"margin-bottom: 11px;\"><span style=\"font-size: 12pt;\"><span style=\"tab-stops: list 36.0pt;\"><span style=\"line-height: 115%;\"><span style=\"font-family: Aptos,sans-serif;\"><span style=\"font-size: 9.0pt;\"><span style=\"line-height: 115%;\">Avoid contact with eyes. In case of contact, rinse with plenty of water.<\/span><\/span><\/span><\/span><\/span><\/span><\/li>\n<li style=\"margin-bottom: 11px;\"><span style=\"font-size: 12pt;\"><span style=\"tab-stops: list 36.0pt;\"><span style=\"line-height: 115%;\"><span style=\"font-family: Aptos,sans-serif;\"><span style=\"font-size: 9.0pt;\"><span style=\"line-height: 115%;\">Store out of reach of children and at room temperature.<\/span><\/span><\/span><\/span><\/span><\/span><\/li>\n<li style=\"margin-bottom: 11px;\"><span style=\"font-size: 12pt;\"><span style=\"tab-stops: list 36.0pt;\"><span style=\"line-height: 115%;\"><span style=\"font-family: Aptos,sans-serif;\"><span style=\"font-size: 9.0pt;\"><span style=\"line-height: 115%;\">Protect from direct sunlight.<\/span><\/span><\/span><\/span><\/span><\/span><\/li>\n<\/ul>\n<p style=\"margin-bottom: 11px;\"><span style=\"font-size: 12pt;\"><span style=\"line-height: 115%;\"><span style=\"font-family: Aptos,sans-serif;\"><b><span style=\"font-size: 9.0pt;\"><span style=\"line-height: 115%;\">Ingredients:<\/span><\/span><\/b><span style=\"font-size: 9.0pt;\"><span style=\"line-height: 115%;\"> Aqua, Polyglyceryl-8 C12-20 Acid Ester, Bacillus Ferment, Caviar Extract, Palmitoyl Tetrapeptide-7, Vitis Vinifera Seed Oil, Hexapeptide-8, Hippophae Rhamnoides Fruit Extract, Glycerin, Panthenol, Ozonized Olive Oil, Butylene Glycol, Parfum, Tocopherol, Phenoxyethanol, Ethylhexylglycerin, Carbomer, Polysorbate 20, Palmitoyl Tripeptide-1, Centella Asiatica Extract, Benzyl Salicylate, Citronellol, Geraniol, Hexyl Cinnamal, Linalool.<\/span><\/span><\/span><\/span><\/span><\/p>","protected":false},"excerpt":{"rendered":"<p><span style=\"font-size: 12pt;\"><span style=\"line-height: 115%;\"><span style=\"font-family: Aptos,sans-serif;\"><span style=\"font-size: 9.0pt;\">Perfect Care for Mature Skin!<\/span><span style=\"font-size: 9.0pt;\"> OIA Caviar Peptide Cream provides moisturizing and anti-aging (healthy-aging) effects for mature skin. Strengthens the skin barrier and nourishes the skin. With caviar extract in its content, it lightens the signs of aging, tightens and helps reduce the appearance of fine lines. Protects your skin against damage caused by sun, smoking and environmental factors, offers a brighter, livelier and healthier appearance.<\/span><\/span><\/span><\/span><\/p>","protected":false},"featured_media":1015,"comment_status":"open","ping_status":"closed","template":"","meta":{"_acf_changed":false,"_seopress_robots_primary_cat":"none","_seopress_titles_title":"","_seopress_titles_desc":"","_seopress_robots_index":""},"product_brand":[],"product_cat":[78,89,91,90,17,34,86,16,23],"product_tag":[],"class_list":{"0":"post-114","1":"product","2":"type-product","3":"status-publish","4":"has-post-thumbnail","6":"product_cat-cilt-tipine-gore","7":"product_cat-kuru-cilt","8":"product_cat-karma-cilt","9":"product_cat-yagli-cilt","10":"product_cat-ihtiyaca-gore","11":"product_cat-yaslanma-karsiti","12":"product_cat-dogal-botoks","13":"product_cat-urunler","14":"product_cat-kremler","16":"first","17":"instock","18":"featured","19":"taxable","20":"shipping-taxable","21":"purchasable","22":"product-type-simple"},"acf":[],"_links":{"self":[{"href":"https:\/\/oiaformore.com\/en\/wp-json\/wp\/v2\/product\/114","targetHints":{"allow":["GET"]}}],"collection":[{"href":"https:\/\/oiaformore.com\/en\/wp-json\/wp\/v2\/product"}],"about":[{"href":"https:\/\/oiaformore.com\/en\/wp-json\/wp\/v2\/types\/product"}],"replies":[{"embeddable":true,"href":"https:\/\/oiaformore.com\/en\/wp-json\/wp\/v2\/comments?post=114"}],"version-history":[{"count":5,"href":"https:\/\/oiaformore.com\/en\/wp-json\/wp\/v2\/product\/114\/revisions"}],"predecessor-version":[{"id":2673,"href":"https:\/\/oiaformore.com\/en\/wp-json\/wp\/v2\/product\/114\/revisions\/2673"}],"wp:featuredmedia":[{"embeddable":true,"href":"https:\/\/oiaformore.com\/en\/wp-json\/wp\/v2\/media\/1015"}],"wp:attachment":[{"href":"https:\/\/oiaformore.com\/en\/wp-json\/wp\/v2\/media?parent=114"}],"wp:term":[{"taxonomy":"product_brand","embeddable":true,"href":"https:\/\/oiaformore.com\/en\/wp-json\/wp\/v2\/product_brand?post=114"},{"taxonomy":"product_cat","embeddable":true,"href":"https:\/\/oiaformore.com\/en\/wp-json\/wp\/v2\/product_cat?post=114"},{"taxonomy":"product_tag","embeddable":true,"href":"https:\/\/oiaformore.com\/en\/wp-json\/wp\/v2\/product_tag?post=114"}],"curies":[{"name":"wp","href":"https:\/\/api.w.org\/{rel}","templated":true}]}}