{"id":1432,"date":"2024-11-25T15:07:07","date_gmt":"2024-11-25T12:07:07","guid":{"rendered":"https:\/\/oiaformore.com\/?post_type=product&#038;p=1432"},"modified":"2025-05-13T13:32:47","modified_gmt":"2025-05-13T10:32:47","slug":"0-dogal-gul-agaci-taragi","status":"publish","type":"product","link":"https:\/\/oiaformore.com\/en\/product\/0-dogal-gul-agaci-taragi\/","title":{"rendered":"0 Natural Rosewood Comb"},"content":{"rendered":"<p>Oia For More %100 Do\u011fal G\u00fcl A\u011fac\u0131 Tara\u011f\u0131 \u00d6zellikleri<\/p>\n<p>Beyaz sa\u00e7 olu\u015fumunu geciktirir.<br \/>\nAromaterapik etkisi sayesinde olumsuz enerjiyi \u00f6nler.<br \/>\nElektriklenmeyi ve k\u0131r\u0131lmay\u0131 engellemeye yard\u0131mc\u0131 olur.<br \/>\nUykusuzluk ve stres gibi durumlar\u0131n giderilmesine yard\u0131mc\u0131 olur.<br \/>\nSa\u011fl\u0131kl\u0131 sa\u00e7 derisi i\u00e7in do\u011fru bir se\u00e7imdir.<br \/>\nG\u00fcl tara\u011f\u0131n\u0131n ah\u015fap di\u015fleri kafa derisine bask\u0131 yapar ve akupunktur noktalar\u0131n\u0131 tetikler.<br \/>\nKafa derisine masaj yapar.<br \/>\nKan dola\u015f\u0131m\u0131n\u0131 h\u0131zland\u0131rarak daha g\u00fczel ve uzun sa\u00e7lara sahip olunmas\u0131n\u0131 sa\u011flar.<br \/>\nKafa derisinde bulunan do\u011fal ya\u011flar\u0131n e\u015fit da\u011f\u0131l\u0131m\u0131na yard\u0131mc\u0131 olur.<br \/>\nSa\u00e7 k\u0131r\u0131lmas\u0131n\u0131 b\u00fcy\u00fck \u00f6l\u00e7\u00fcde azalt\u0131r.<br \/>\nEl yap\u0131m\u0131d\u0131r.<br \/>\n\u00dclkemizde \u00fcretilmi\u015ftir.<\/p>\n<p>%100 do\u011fal G\u00fcl a\u011fac\u0131ndan yap\u0131lm\u0131\u015f tarak, sa\u00e7 bak\u0131m\u0131n\u0131za benzersiz bir dokunu\u015f katar. Tekli standart boyutu ile hem pratik hem de \u015f\u0131k bir kullan\u0131m sunuyor.<\/p>\n<p>Do\u011fal Malzemenin Fark\u0131: G\u00fcl a\u011fac\u0131 malzemesi, do\u011fal g\u00fczelli\u011fi ve dayan\u0131kl\u0131l\u0131\u011f\u0131 ile \u00f6ne \u00e7\u0131kar. Bu tarak, sa\u00e7lar\u0131n\u0131za ve kafa derinize nazik\u00e7e masaj yaparak, sa\u00e7lar\u0131n do\u011fal ya\u011flar\u0131n\u0131n dengeli bir \u015fekilde da\u011f\u0131lmas\u0131n\u0131 sa\u011flar ve sa\u00e7 sa\u011fl\u0131\u011f\u0131n\u0131z\u0131 destekler.<\/p>\n<p>Sa\u00e7 ve Kafa Derisi \u0130\u00e7in \u0130deal: Yumu\u015fak di\u015fleri ile bu tarak, sa\u00e7lar\u0131n\u0131z\u0131 yava\u015f\u00e7a a\u00e7ar ve kafa derisine zarar vermeden k\u0131vr\u0131mlar\u0131 \u00e7\u00f6zer. Her sa\u00e7 tipi i\u00e7in uygun olan bu tarak, sa\u00e7\u0131n\u0131z\u0131 parlat\u0131rken ayn\u0131 zamanda kafa derisi sa\u011fl\u0131\u011f\u0131n\u0131z\u0131 da korur.<\/p>\n<p>Ergonomik ve Kullan\u0131\u015fl\u0131 Tasar\u0131m: G\u00fcl a\u011fac\u0131n\u0131n hafifli\u011fi ve tarak tasar\u0131m\u0131n\u0131n ergonomik yap\u0131s\u0131, kolay ve rahat bir kullan\u0131m sa\u011flar. Standart boyutu sayesinde hem evde hem de seyahatlerinizde rahatl\u0131kla yan\u0131n\u0131zda ta\u015f\u0131yabilirsiniz.<\/p>\n<p>Ekolojik ve S\u00fcrd\u00fcr\u00fclebilir: Bu tarak, s\u00fcrd\u00fcr\u00fclebilir ve \u00e7evre dostu bir se\u00e7imdir. Plastik at\u0131klar\u0131n azalt\u0131lmas\u0131na ve do\u011fal ya\u015fam tarz\u0131n\u0131n benimsenmesine katk\u0131da bulunur.<\/p>\n<p>%100 G\u00fcl A\u011fac\u0131ndan el eme\u011fiyle yap\u0131lm\u0131\u015f ah\u015fap tarak. Klasik taraklardan farkl\u0131 olarak sa\u00e7 ve sa\u00e7 derisi bak\u0131m\u0131 i\u00e7in yard\u0131mc\u0131 \u00f6zel bir tarakt\u0131r. Ah\u015fap taraklar s\u00fcrt\u00fcnmeyi azaltan daha geni\u015f u\u00e7lara sahiptir ve sa\u00e7\u0131 harika bir \u015fekilde a\u00e7ar. Sa\u00e7 derisine masaj yapar. Sa\u00e7lara kabar\u0131kl\u0131k kazand\u0131r\u0131r. Sa\u00e7\u0131n\u0131z\u0131 y\u0131kad\u0131ktan sonra sa\u00e7lar\u0131n\u0131z nemliyken kullan\u0131n\u0131z. \u00d6ncesinde sa\u00e7\u0131 parmaklar\u0131n\u0131zla b\u00f6l\u00fcmlere ay\u0131r\u0131p sa\u00e7 derinize elle hafif masaj yap\u0131n\u0131z.\u00d6nce u\u00e7lardan ba\u015flayarak sa\u00e7\u0131n\u0131z\u0131 ya da sakal\u0131n\u0131z\u0131 taray\u0131n\u0131z. Acele ve \u00f6zensiz bir \u015fekilde yapaca\u011f\u0131n\u0131z tarama, sa\u00e7lar\u0131n\u0131z\u0131n a\u00e7\u0131lmas\u0131na yard\u0131mc\u0131 olmak yerine onlar\u0131n kopmas\u0131na ve k\u0131r\u0131lmas\u0131na neden olur. G\u00fcl a\u011fac\u0131 \u00e7ok zengin tonlu ve \u00e7ok ho\u015f koku bir a\u011fa\u00e7t\u0131r. Cildi g\u00fc\u00e7lendirmek ve yenilemek i\u00e7in kullan\u0131l\u0131r. Benzersiz bir damar desenine sahip olmas\u0131 ve a\u015f\u0131nma ve y\u0131pranmaya kar\u015f\u0131 dayan\u0131kl\u0131l\u0131\u011f\u0131 da onun \u00e7ok de\u011ferli mobilyalar\u0131n yap\u0131m\u0131nda en aranan a\u011fa\u00e7 olmas\u0131n\u0131 sa\u011flam\u0131\u015ft\u0131r.G\u00fcl tara\u011f\u0131n\u0131n, G\u00fcl Ya\u011f\u0131, Cilt Bak\u0131m Ya\u011f\u0131 ile ya\u011flanmas\u0131n\u0131 \u00f6neririz, bu sayede sa\u00e7 bak\u0131m\u0131na katk\u0131 yaparken \u00fcr\u00fcn\u00fcn \u00f6mr\u00fc uzat\u0131lm\u0131\u015f olur. \u0130htiya\u00e7 halinde z\u0131mparalan\u0131r.<\/p>","protected":false},"excerpt":{"rendered":"<p>%100 do\u011fal G\u00fcl a\u011fac\u0131ndan yap\u0131lm\u0131\u015f tarak, sa\u00e7 bak\u0131m\u0131n\u0131za benzersiz bir dokunu\u015f katar. Tekli standart boyutu ile hem pratik hem de \u015f\u0131k bir kullan\u0131m sunuyor.<\/p>","protected":false},"featured_media":1435,"comment_status":"open","ping_status":"closed","template":"","meta":{"_acf_changed":false,"_seopress_robots_primary_cat":"none","_seopress_titles_title":"0 Do\u011fal G\u00fcl A\u011fac\u0131 Tara\u011f\u0131","_seopress_titles_desc":"","_seopress_robots_index":""},"product_brand":[],"product_cat":[53,16,28],"product_tag":[],"class_list":{"0":"post-1432","1":"product","2":"type-product","3":"status-publish","4":"has-post-thumbnail","6":"product_cat-spa-banyo","7":"product_cat-urunler","8":"product_cat-vucut-sac-bakim","10":"first","11":"outofstock","12":"sale","13":"taxable","14":"shipping-taxable","15":"purchasable","16":"product-type-simple"},"acf":[],"_links":{"self":[{"href":"https:\/\/oiaformore.com\/en\/wp-json\/wp\/v2\/product\/1432","targetHints":{"allow":["GET"]}}],"collection":[{"href":"https:\/\/oiaformore.com\/en\/wp-json\/wp\/v2\/product"}],"about":[{"href":"https:\/\/oiaformore.com\/en\/wp-json\/wp\/v2\/types\/product"}],"replies":[{"embeddable":true,"href":"https:\/\/oiaformore.com\/en\/wp-json\/wp\/v2\/comments?post=1432"}],"version-history":[{"count":1,"href":"https:\/\/oiaformore.com\/en\/wp-json\/wp\/v2\/product\/1432\/revisions"}],"predecessor-version":[{"id":2756,"href":"https:\/\/oiaformore.com\/en\/wp-json\/wp\/v2\/product\/1432\/revisions\/2756"}],"wp:featuredmedia":[{"embeddable":true,"href":"https:\/\/oiaformore.com\/en\/wp-json\/wp\/v2\/media\/1435"}],"wp:attachment":[{"href":"https:\/\/oiaformore.com\/en\/wp-json\/wp\/v2\/media?parent=1432"}],"wp:term":[{"taxonomy":"product_brand","embeddable":true,"href":"https:\/\/oiaformore.com\/en\/wp-json\/wp\/v2\/product_brand?post=1432"},{"taxonomy":"product_cat","embeddable":true,"href":"https:\/\/oiaformore.com\/en\/wp-json\/wp\/v2\/product_cat?post=1432"},{"taxonomy":"product_tag","embeddable":true,"href":"https:\/\/oiaformore.com\/en\/wp-json\/wp\/v2\/product_tag?post=1432"}],"curies":[{"name":"wp","href":"https:\/\/api.w.org\/{rel}","templated":true}]}}