{"id":2575,"date":"2025-03-01T16:36:22","date_gmt":"2025-03-01T13:36:22","guid":{"rendered":"https:\/\/oiaformore.com\/?post_type=product&#038;p=2575"},"modified":"2026-02-10T12:44:10","modified_gmt":"2026-02-10T09:44:10","slug":"arindirici-banyo-seti","status":"publish","type":"product","link":"https:\/\/oiaformore.com\/en\/product\/arindirici-banyo-seti\/","title":{"rendered":"Purifying Bathroom Set"},"content":{"rendered":"<p>The set includes;<\/p>\n<p>1 OIA Peel Off Face Mask<br \/>\n1 OIA Body Scrub<br \/>\n1 OIA Ozone Hair Shampoo<br \/>\n1 OIA Hair Serum<\/p>\n<p>OIA Purifying Bath Set User Guide<\/p>\n<p>OIA Peel Off Face Mask<br \/>\nDeeply cleanses pores and removes excess oil.<br \/>\nPrevents the formation of blackheads and smoothes the skin.<br \/>\nRemoves dead skin and gives the skin a bright appearance.<\/p>\n<p>How to use?<br \/>\nApplied as a thin layer to clean and dry skin 1-2 times a week.<br \/>\nWait for it to dry for 15-20 minutes.<br \/>\nAfter it is completely dry, it is removed by peeling it from bottom to top.<br \/>\nThen the care is completed with moisturizers and serums.<\/p>\n<p>OIA Body Scrub<br \/>\nGently purifies the skin and creates a smooth texture.<br \/>\nAccelerates blood circulation and gives the skin a healthier appearance.<br \/>\nMoisturizes the skin and makes it soft.<\/p>\n<p>How to use?<br \/>\nApplied in the shower by massaging wet skin with circular movements.<br \/>\nParticular attention can be paid to dry areas such as knees, elbows and heels.<br \/>\nRecommended to apply moisturizer after rinsing with warm water.<br \/>\nUsing it 2-3 times a week is sufficient.<\/p>\n<p>OIA Ozone Hair Shampoo<br \/>\nCreates a healthy environment by purifying the scalp.<br \/>\nStrengthens hair roots and reduces hair loss.<br \/>\nStrengthens hair roots and reduces hair loss.<\/p>\n<p>How to use?<br \/>\nApply to wet hair and massage gently.<br \/>\nAfter waiting for 2-3 minutes, rinse thoroughly.<br \/>\nCan be supported with OIA Hair Serum for more effective results.<\/p>\n<p>OIA Hair Serum<br \/>\nProvides intense moisture and repairing care.<br \/>\nReduces hair loss and strengthens the hair strands.<br \/>\nPrevents breakage and frizz and leaves a soft feeling.<\/p>\n<p>How to use?<br \/>\nApplied to damp or dry hair after showering.<br \/>\nGently applied to the hair ends and lengths, and does not require rinsing.<br \/>\nCan also be applied as a night care for a more intense effect.<\/p>\n<p>OIA Purifying Bath Routine Recommendation<br \/>\nBefore showering, apply Peel Off Face Mask and let it dry.<br \/>\nCleanse your body with Body Scrub during the shower.<br \/>\nSa\u00e7\u0131n\u0131z\u0131 OIA Ozone Hair Shampoo ile y\u0131kay\u0131n ve iyice durulay\u0131n.<br \/>\nGive your hair intensive care by applying Hair Serum after showering.<\/p>\n<p>The result: a cleaner, more hydrated and renewed skin &amp; hair appearance!<\/p>","protected":false},"excerpt":{"rendered":"<p>A special bath routine for deep cleansing, renewal and a revitalized skin &amp; hair appearance!<br \/>\nBy applying this routine regularly, you can ensure that your skin and hair are healthy, vibrant and shiny.<\/p>","protected":false},"featured_media":2580,"comment_status":"open","ping_status":"closed","template":"","meta":{"_acf_changed":false,"_seopress_robots_primary_cat":"none","_seopress_titles_title":"","_seopress_titles_desc":"","_seopress_robots_index":""},"product_brand":[],"product_cat":[53,81,25,27,28],"product_tag":[],"class_list":{"0":"post-2575","1":"product","2":"type-product","3":"status-publish","4":"has-post-thumbnail","6":"product_cat-spa-banyo","7":"product_cat-yuzmaskesi","8":"product_cat-temizleyiciler-maskeler","9":"product_cat-setler","10":"product_cat-vucut-sac-bakim","12":"first","13":"instock","14":"taxable","15":"shipping-taxable","16":"purchasable","17":"product-type-simple"},"acf":[],"_links":{"self":[{"href":"https:\/\/oiaformore.com\/en\/wp-json\/wp\/v2\/product\/2575","targetHints":{"allow":["GET"]}}],"collection":[{"href":"https:\/\/oiaformore.com\/en\/wp-json\/wp\/v2\/product"}],"about":[{"href":"https:\/\/oiaformore.com\/en\/wp-json\/wp\/v2\/types\/product"}],"replies":[{"embeddable":true,"href":"https:\/\/oiaformore.com\/en\/wp-json\/wp\/v2\/comments?post=2575"}],"version-history":[{"count":4,"href":"https:\/\/oiaformore.com\/en\/wp-json\/wp\/v2\/product\/2575\/revisions"}],"predecessor-version":[{"id":2600,"href":"https:\/\/oiaformore.com\/en\/wp-json\/wp\/v2\/product\/2575\/revisions\/2600"}],"wp:featuredmedia":[{"embeddable":true,"href":"https:\/\/oiaformore.com\/en\/wp-json\/wp\/v2\/media\/2580"}],"wp:attachment":[{"href":"https:\/\/oiaformore.com\/en\/wp-json\/wp\/v2\/media?parent=2575"}],"wp:term":[{"taxonomy":"product_brand","embeddable":true,"href":"https:\/\/oiaformore.com\/en\/wp-json\/wp\/v2\/product_brand?post=2575"},{"taxonomy":"product_cat","embeddable":true,"href":"https:\/\/oiaformore.com\/en\/wp-json\/wp\/v2\/product_cat?post=2575"},{"taxonomy":"product_tag","embeddable":true,"href":"https:\/\/oiaformore.com\/en\/wp-json\/wp\/v2\/product_tag?post=2575"}],"curies":[{"name":"wp","href":"https:\/\/api.w.org\/{rel}","templated":true}]}}