{"id":2870,"date":"2025-04-20T19:13:34","date_gmt":"2025-04-20T16:13:34","guid":{"rendered":"https:\/\/oiaformore.com\/?post_type=product&#038;p=2870"},"modified":"2026-03-03T15:31:00","modified_gmt":"2026-03-03T12:31:00","slug":"2li-dogal-botoks-seti-kalp-shea-hyaluronic-serum","status":"publish","type":"product","link":"https:\/\/oiaformore.com\/en\/product\/2li-dogal-botoks-seti-kalp-shea-hyaluronic-serum\/","title":{"rendered":"2&#8217;li Do\u011fal Botoks  Seti \/ Kalp \/ Shea Butter Hyaluronic Serum"},"content":{"rendered":"<p>2&#8217;li do\u011fal botoks etkili cilt bak\u0131m seti<br \/>\nOIA Kalp gua sha ve shea hyaluronic ozone serum kusursuz bir cilt bak\u0131m rutini i\u00e7in m\u00fckemmel ikili: OIA %100 saf bak\u0131r gua sha ve o\u0131a shea hyaluronic ozone serum.<\/p>\n<p>NOT:<br \/>\nOIA Bak\u0131r Gua Sha, %100 saf bak\u0131rdan el i\u015f\u00e7ili\u011fiyle \u00fcretilmi\u015ftir. Her bir \u00fcr\u00fcn \u00f6zenle elde \u015fekillendirilmekte olup, bu \u00f6zel \u00fcretim s\u00fcreci nedeniyle y\u00fczeyinde k\u00fc\u00e7\u00fck farkl\u0131l\u0131klar, hafif p\u00fcr\u00fczler, mikro \u00e7izgiler, dalgalana veya renk de\u011fi\u015fiklikleri bulunabilir. Bu detaylar, \u00fcr\u00fcn\u00fcn el yap\u0131m\u0131 ve do\u011fal yap\u0131s\u0131n\u0131n bir yans\u0131mas\u0131d\u0131r; kaliteyi veya i\u015flevselli\u011fi etkilemez. Tam aksine, her bir Gua Sha&#8217;y\u0131 e\u015fsiz ve size \u00f6zel k\u0131lar.<\/p>\n<p>Bu \u00f6zel set, cildinize do\u011fal bir botoks etkisi sunmak i\u00e7in tasarland\u0131.<br \/>\nOIA Shea hyaluronic ozone serum, g\u00fcnl\u00fck cilt bak\u0131m\u0131n\u0131z\u0131n ayr\u0131lmaz bir par\u00e7as\u0131.<br \/>\nSabah ve ak\u015fam, temiz cildinize uygulayarak cildinizin ihtiyac\u0131 olan nemi ve canl\u0131l\u0131\u011f\u0131 sa\u011flay\u0131n.<br \/>\nSerumun g\u00fcc\u00fcn\u00fc art\u0131rmak i\u00e7in, haftada 2 veya 3 kez, 15 dakikal\u0131k bir o\u0131a bak\u0131r gua sha masaj\u0131 ile birle\u015ftirin.<br \/>\nBu \u00f6zel masaj, ciltteki kan dola\u015f\u0131m\u0131n\u0131 art\u0131rarak, cildinizi canland\u0131r\u0131r ve do\u011fal botoks etkisini maksimize eder.<br \/>\nMasaj\u0131n ard\u0131ndan, cildinizi OIA&#8217;n\u0131n l\u00fcks ageless night cream veya timeless day cream ile nemlendirin.; bu kremler, serumun etkilerini peki\u015ftirerek, cildinize ihtiyac\u0131 olan t\u00fcm bak\u0131m\u0131 sa\u011flar.<br \/>\nBu 2&#8217;li set ile cildinize hak etti\u011fi bak\u0131m\u0131 sunun ve do\u011fal g\u00fczelli\u011finizi \u00f6n plana \u00e7\u0131kar\u0131n.<br \/>\nOIA ile gen\u00e7, canl\u0131 ve sa\u011fl\u0131kl\u0131 bir cilde ad\u0131m at\u0131n!<br \/>\nG\u0131d\u0131k eritir. Yanak eritir. G\u00f6z alt\u0131 morluklar\u0131na iyi gelir. Y\u00fcz\u00fc \u015fekillendirir. Canland\u0131r\u0131r. S\u0131k\u0131la\u015ft\u0131r\u0131r.<br \/>\nShea Hyal\u00fcronik ozon serum ve bak\u0131r gua sha\u2019y\u0131 birle\u015ftirerek daha etkili sonu\u00e7lar alabilirsiniz.<br \/>\nSerum cildinizi nemlendirip beslerken, bak\u0131r gua sha ta\u015f\u0131n\u0131 kullanarak bu serumun cildinize daha derinlemesine i\u015flemesini sa\u011flayabilirsiniz.<br \/>\nGua sha uygulamas\u0131 cilt alt\u0131 dola\u015f\u0131m\u0131n\u0131 h\u0131zland\u0131rarak serumun etkinli\u011fini art\u0131r\u0131r.<\/p>\n<p>\u00d6nce bak\u0131r gua sha uygulay\u0131n: Y\u00fcz\u00fcn\u00fczdeki kan dola\u015f\u0131m\u0131n\u0131 art\u0131rmak ve \u00f6demi azaltmak i\u00e7in gua sha ile nazik\u00e7e masaj yap\u0131n.Sonra serum uygulay\u0131n: Gua sha sonras\u0131 cildinizin daha iyi emece\u011fi shea hyal\u00fcronik ozon serumu cildinize uygulay\u0131n.<\/p>","protected":false},"excerpt":{"rendered":"<p>Bu \u00f6zel set, cildinize do\u011fal bir botoks etkisi sunmak i\u00e7in tasarland\u0131.<br \/>\nOIA Shea hyaluronic ozone serum, g\u00fcnl\u00fck cilt bak\u0131m\u0131n\u0131z\u0131n ayr\u0131lmaz bir par\u00e7as\u0131.<br \/>\nSabah ve ak\u015fam, temiz cildinize uygulayarak cildinizin ihtiyac\u0131 olan nemi ve canl\u0131l\u0131\u011f\u0131 sa\u011flay\u0131n.<br \/>\nSerumun g\u00fcc\u00fcn\u00fc art\u0131rmak i\u00e7in, haftada 2 veya 3 kez, 15 dakikal\u0131k bir o\u0131a bak\u0131r gua sha masaj\u0131 ile birle\u015ftirin.<br \/>\nBu \u00f6zel masaj, ciltteki kan dola\u015f\u0131m\u0131n\u0131 art\u0131rarak, cildinizi canland\u0131r\u0131r ve do\u011fal botoks etkisini maksimize eder.<\/p>","protected":false},"featured_media":2874,"comment_status":"open","ping_status":"closed","template":"","meta":{"_acf_changed":false,"_seopress_robots_primary_cat":"none","_seopress_titles_title":"","_seopress_titles_desc":"","_seopress_robots_index":""},"product_brand":[],"product_cat":[17,86,16,26,27],"product_tag":[],"class_list":{"0":"post-2870","1":"product","2":"type-product","3":"status-publish","4":"has-post-thumbnail","6":"product_cat-ihtiyaca-gore","7":"product_cat-dogal-botoks","8":"product_cat-urunler","9":"product_cat-gua-sha","10":"product_cat-setler","12":"first","13":"instock","14":"taxable","15":"shipping-taxable","16":"purchasable","17":"product-type-simple"},"acf":[],"_links":{"self":[{"href":"https:\/\/oiaformore.com\/en\/wp-json\/wp\/v2\/product\/2870","targetHints":{"allow":["GET"]}}],"collection":[{"href":"https:\/\/oiaformore.com\/en\/wp-json\/wp\/v2\/product"}],"about":[{"href":"https:\/\/oiaformore.com\/en\/wp-json\/wp\/v2\/types\/product"}],"replies":[{"embeddable":true,"href":"https:\/\/oiaformore.com\/en\/wp-json\/wp\/v2\/comments?post=2870"}],"version-history":[{"count":4,"href":"https:\/\/oiaformore.com\/en\/wp-json\/wp\/v2\/product\/2870\/revisions"}],"predecessor-version":[{"id":2883,"href":"https:\/\/oiaformore.com\/en\/wp-json\/wp\/v2\/product\/2870\/revisions\/2883"}],"wp:featuredmedia":[{"embeddable":true,"href":"https:\/\/oiaformore.com\/en\/wp-json\/wp\/v2\/media\/2874"}],"wp:attachment":[{"href":"https:\/\/oiaformore.com\/en\/wp-json\/wp\/v2\/media?parent=2870"}],"wp:term":[{"taxonomy":"product_brand","embeddable":true,"href":"https:\/\/oiaformore.com\/en\/wp-json\/wp\/v2\/product_brand?post=2870"},{"taxonomy":"product_cat","embeddable":true,"href":"https:\/\/oiaformore.com\/en\/wp-json\/wp\/v2\/product_cat?post=2870"},{"taxonomy":"product_tag","embeddable":true,"href":"https:\/\/oiaformore.com\/en\/wp-json\/wp\/v2\/product_tag?post=2870"}],"curies":[{"name":"wp","href":"https:\/\/api.w.org\/{rel}","templated":true}]}}