{"id":2900,"date":"2025-05-13T13:41:00","date_gmt":"2025-05-13T10:41:00","guid":{"rendered":"https:\/\/oiaformore.com\/?post_type=product&#038;p=2900"},"modified":"2026-03-03T15:31:00","modified_gmt":"2026-03-03T12:31:00","slug":"3lu-set-gunluk-yogun-nemlendirme","status":"publish","type":"product","link":"https:\/\/oiaformore.com\/en\/product\/3lu-set-gunluk-yogun-nemlendirme\/","title":{"rendered":"3&#8217;l\u00fc Set G\u00fcnl\u00fck Yo\u011fun Nemlendirme"},"content":{"rendered":"<p>Oia 3&#8217;l\u00fc Set Ozonlu Anti-Aging Etkili | G\u00fcnl\u00fck Yo\u011fun Nemlendirme | G\u00fcnd\u00fcz Gece &#038; G\u00f6z Alt\u0131 Kremi<br \/>\nOIA 3&#8217;l\u00fc Ozonlu Cilt Bak\u0131m Seti | G\u00fcnd\u00fcz, Gece ve G\u00f6z Alt\u0131 Kremi | Yo\u011fun Nem &#038; Bak\u0131m<\/p>\n<p>OIA&#8217;n\u0131n 3&#8217;l\u00fc bak\u0131m seti, cildin g\u00fcn boyu ihtiya\u00e7 duydu\u011fu nemi ve bak\u0131m\u0131 sa\u011flar. Set i\u00e7eri\u011finde yer alan SPF15\u2019li OIA Timeless Day Cream, E vitamini ve provitamin B5 ile zenginle\u015ftirilmi\u015f form\u00fcl\u00fc sayesinde g\u00fcn boyu nem deste\u011fi sunar. OIA Glam Eye Cream, g\u00f6z \u00e7evresinin daha ayd\u0131nl\u0131k ve bak\u0131ml\u0131 g\u00f6r\u00fcnmesine yard\u0131mc\u0131 olur. OIA Ageless Night Cream ise gece boyunca cildin ihtiya\u00e7 duydu\u011fu bak\u0131m\u0131 destekleyen \u00f6zel i\u00e7eriklerle form\u00fcle edilmi\u015ftir.<\/p>\n<p>Ozonla desteklenmi\u015f bu 3\u2019l\u00fc bak\u0131m seti, d\u00fczenli kullan\u0131mda cilt g\u00f6r\u00fcn\u00fcm\u00fcn\u00fc destekler, nem dengesini korur ve bak\u0131m rutinini tamamlar. T\u00fcm cilt tiplerine uygun form\u00fcl\u00fcyle sabah ve ak\u015fam rahatl\u0131kla kullanabilirsiniz<\/p>","protected":false},"excerpt":{"rendered":"<p>OIA For More 3&#8217;l\u00fc Set Ozonlu Anti-aging Etkili | G\u00fcnl\u00fck Yo\u011fun Nemlendirme | G\u00fcnd\u00fcz Gece &#038; G\u00f6z Alt\u0131 Kremi<\/p>","protected":false},"featured_media":2904,"comment_status":"open","ping_status":"closed","template":"","meta":{"_acf_changed":false,"_seopress_robots_primary_cat":"none","_seopress_titles_title":"","_seopress_titles_desc":"","_seopress_robots_index":""},"product_brand":[],"product_cat":[17,33,16,23,27],"product_tag":[],"class_list":{"0":"post-2900","1":"product","2":"type-product","3":"status-publish","4":"has-post-thumbnail","6":"product_cat-ihtiyaca-gore","7":"product_cat-yogun-nemlendirme","8":"product_cat-urunler","9":"product_cat-kremler","10":"product_cat-setler","12":"first","13":"instock","14":"taxable","15":"shipping-taxable","16":"purchasable","17":"product-type-simple"},"acf":[],"_links":{"self":[{"href":"https:\/\/oiaformore.com\/en\/wp-json\/wp\/v2\/product\/2900","targetHints":{"allow":["GET"]}}],"collection":[{"href":"https:\/\/oiaformore.com\/en\/wp-json\/wp\/v2\/product"}],"about":[{"href":"https:\/\/oiaformore.com\/en\/wp-json\/wp\/v2\/types\/product"}],"replies":[{"embeddable":true,"href":"https:\/\/oiaformore.com\/en\/wp-json\/wp\/v2\/comments?post=2900"}],"version-history":[{"count":1,"href":"https:\/\/oiaformore.com\/en\/wp-json\/wp\/v2\/product\/2900\/revisions"}],"predecessor-version":[{"id":2905,"href":"https:\/\/oiaformore.com\/en\/wp-json\/wp\/v2\/product\/2900\/revisions\/2905"}],"wp:featuredmedia":[{"embeddable":true,"href":"https:\/\/oiaformore.com\/en\/wp-json\/wp\/v2\/media\/2904"}],"wp:attachment":[{"href":"https:\/\/oiaformore.com\/en\/wp-json\/wp\/v2\/media?parent=2900"}],"wp:term":[{"taxonomy":"product_brand","embeddable":true,"href":"https:\/\/oiaformore.com\/en\/wp-json\/wp\/v2\/product_brand?post=2900"},{"taxonomy":"product_cat","embeddable":true,"href":"https:\/\/oiaformore.com\/en\/wp-json\/wp\/v2\/product_cat?post=2900"},{"taxonomy":"product_tag","embeddable":true,"href":"https:\/\/oiaformore.com\/en\/wp-json\/wp\/v2\/product_tag?post=2900"}],"curies":[{"name":"wp","href":"https:\/\/api.w.org\/{rel}","templated":true}]}}