{"id":66,"date":"2022-05-18T13:00:37","date_gmt":"2022-05-18T10:00:37","guid":{"rendered":"http:\/\/oia.orucerem.com\/index.php\/urun\/hyaluronic-ozone-serum\/"},"modified":"2026-02-02T23:02:54","modified_gmt":"2026-02-02T20:02:54","slug":"hyaluronic-ozone-serum","status":"publish","type":"product","link":"https:\/\/oiaformore.com\/en\/product\/hyaluronic-ozone-serum\/","title":{"rendered":"Hyaluronic Ozone Serum"},"content":{"rendered":"<p style=\"margin-bottom: 11px; font-size: 11pt; line-height: 115%; font-family: Aptos,sans-serif;\" class=\"translation-block\"><span style=\"font-size: 12pt\"><span style=\"line-height: 115%\"><span style=\"font-family: Aptos,sans-serif\"><b><span style=\"font-size: 9.0pt\"><span style=\"line-height: 115%\">Intensive Moisture and Protection for Your Skin!<\/span><\/span><\/b><span style=\"font-size: 9.0pt\"><span style=\"line-height: 115%\"> OIA Hyaluronic Ozone Serum combines the power of ozone with hyaluronic acid and St. John\u2019s Wort oil to provide intense moisture and protection to your skin while helping to reduce fine wrinkles. Specially developed for skin that experiences dryness in summer and winter, this serum protects the moisture balance of your skin and reduces the feeling of dryness. It is suitable for all skin types and will make a difference in your skin!<\/span><\/span><\/span><\/span><\/span><\/p>\n<p style=\"margin-bottom: 11px; font-size: 11pt; line-height: 115%; font-family: Aptos,sans-serif;\"><b>Featured Active Ingredients:<\/b><\/p>\n<ul style=\"font-size: 11pt; line-height: 115%; font-family: Aptos,sans-serif;\">\n<li><b>Hyaluronic Acid (%2):<\/b> Cildinize derinlemesine nem sa\u011flar, cilt dokusunu yumu\u015fat\u0131r ve p\u00fcr\u00fczs\u00fczle\u015ftirir.<\/li>\n<li><b>St. John&#8217;s Wort Oil (%2):<\/b> Cildi yat\u0131\u015ft\u0131r\u0131r, k\u0131zar\u0131kl\u0131klar\u0131 hafifletir ve onar\u0131c\u0131 etki g\u00f6sterir.<\/li>\n<li><b>Ozonized Olive Oil (%5):<\/b> G\u00fc\u00e7l\u00fc antioksidan \u00f6zellikleri ile cildi korur, yeniler ve serbest radikallere kar\u015f\u0131 savunma sa\u011flar.<\/li>\n<li><b>Rose Oil (%1):<\/b> Cildi yat\u0131\u015ft\u0131r\u0131r, nemlendirir ve do\u011fal bir \u0131\u015f\u0131lt\u0131 kazand\u0131r\u0131r.<\/li>\n<\/ul>\n<p style=\"margin-bottom: 11px; font-size: 11pt; line-height: 115%; font-family: Aptos,sans-serif;\"><b>How to use?<\/b><\/p>\n<p style=\"margin-bottom: 11px; font-size: 11pt; line-height: 115%; font-family: Aptos,sans-serif;\">OIA Hyaluronic Ozone Serum\u2019u temizlenmi\u015f veya tonik ad\u0131mlar\u0131ndan sonra g\u00f6z \u00e7evresi hari\u00e7 y\u00fcz, boyun ve dekolte dahil uygulay\u0131n\u0131z. Gece veya g\u00fcnd\u00fcz kullan\u0131lmaya uygundur. Uygulamadan sonra, g\u00fcn boyunca en az SPF 50 de\u011ferine sahip g\u00fcne\u015f koruyucu kullan\u0131lmas\u0131 tavsiye edilir. Cildin ihtiya\u00e7 duydu\u011fu her an tekrar edilebilir. Kolay emilir ve konforlu bir bak\u0131m sa\u011flar.<\/p>\n<p style=\"margin-bottom: 11px; font-size: 11pt; line-height: 115%; font-family: Aptos,sans-serif;\"><b>Hyaluronic Ozone Serum Nedir?<\/b><\/p>\n<p style=\"margin-bottom: 11px; font-size: 11pt; line-height: 115%; font-family: Aptos,sans-serif;\">Hyaluronic Ozone Serum, cildinize yo\u011fun nem ve koruma sa\u011flayan bir serumdur. Ozonun g\u00fcc\u00fcyle cildin nem dengesini korur, hyaluronik asit ile cildi derinlemesine nemlendirir ve St. John&#8217;s Wort ya\u011f\u0131 ile cildi yat\u0131\u015ft\u0131r\u0131r. Cildinizi daha sa\u011fl\u0131kl\u0131, parlak ve canl\u0131 hale getirir.<\/p>\n<p style=\"margin-bottom: 11px; font-size: 11pt; line-height: 115%; font-family: Aptos,sans-serif;\"><b>Who can use?<\/b><\/p>\n<ul style=\"font-size: 11pt; line-height: 115%; font-family: Aptos,sans-serif;\">\n<li>People with sensitive skin types should test on a small area first.<\/li>\n<li>Avoid applying around the eyes.<\/li>\n<\/ul>\n<p style=\"margin-bottom: 11px; font-size: 11pt; line-height: 115%; font-family: Aptos,sans-serif;\"><b>Which products should it not be used with?<\/b><\/p>\n<ul style=\"font-size: 11pt; line-height: 115%; font-family: Aptos,sans-serif;\">\n<li>Products containing AHA and BHA.<\/li>\n<li>Serums and cleansers containing retinol.<\/li>\n<\/ul>\n<p style=\"margin-bottom: 11px; font-size: 11pt; line-height: 115%; font-family: Aptos,sans-serif;\"><b>Which products can it be used with?<\/b><\/p>\n<ul style=\"font-size: 11pt; line-height: 115%; font-family: Aptos,sans-serif;\">\n<li>It is perfectly compatible with moisturizers containing hyaluronic acid.<\/li>\n<li>You can provide extra protection by combining it with soothing and moisturizing creams.<\/li>\n<\/ul>\n<p style=\"margin-bottom: 11px; font-size: 11pt; line-height: 115%; font-family: Aptos,sans-serif;\"><b>Warnings:<\/b><\/p>\n<ul style=\"font-size: 11pt; line-height: 115%; font-family: Aptos,sans-serif;\">\n<li>Avoid contact with eyes. In case of contact, rinse with plenty of water.<\/li>\n<li>Keep out of reach of children and in its original packaging.<\/li>\n<li>Do not expose to direct sunlight. Store at room temperature.<\/li>\n<\/ul>\n<p style=\"margin-bottom: 11px; font-size: 11pt; line-height: 115%; font-family: Aptos,sans-serif;\"><b>Ingredients:<\/b> Ozonated Olive Oil, Hypericum Perforatum Flower\/Leaf Extract, Hyaluronic Acid, Rose Flower Oil.<\/p>","protected":false},"excerpt":{"rendered":"<p>OIA Retinol Serum provides an anti-aging effect by providing a natural renewal to your skin. This miraculous serum, which gives your skin brightness and smoothness, fights fine lines and wrinkles. With this product, which is suitable for all skin types, you will notice the change in your skin in a short time!<\/p>","protected":false},"featured_media":1145,"comment_status":"open","ping_status":"closed","template":"","meta":{"_acf_changed":false,"_seopress_robots_primary_cat":"none","_seopress_titles_title":"","_seopress_titles_desc":"","_seopress_robots_index":""},"product_brand":[],"product_cat":[78,89,17,35,34,33,86,16,24],"product_tag":[],"class_list":{"0":"post-66","1":"product","2":"type-product","3":"status-publish","4":"has-post-thumbnail","6":"product_cat-cilt-tipine-gore","7":"product_cat-kuru-cilt","8":"product_cat-ihtiyaca-gore","9":"product_cat-leke-cilt-tonu-esitleme","10":"product_cat-yaslanma-karsiti","11":"product_cat-yogun-nemlendirme","12":"product_cat-dogal-botoks","13":"product_cat-urunler","14":"product_cat-serumlar","16":"first","17":"instock","18":"taxable","19":"shipping-taxable","20":"purchasable","21":"product-type-simple"},"acf":[],"_links":{"self":[{"href":"https:\/\/oiaformore.com\/en\/wp-json\/wp\/v2\/product\/66","targetHints":{"allow":["GET"]}}],"collection":[{"href":"https:\/\/oiaformore.com\/en\/wp-json\/wp\/v2\/product"}],"about":[{"href":"https:\/\/oiaformore.com\/en\/wp-json\/wp\/v2\/types\/product"}],"replies":[{"embeddable":true,"href":"https:\/\/oiaformore.com\/en\/wp-json\/wp\/v2\/comments?post=66"}],"version-history":[{"count":4,"href":"https:\/\/oiaformore.com\/en\/wp-json\/wp\/v2\/product\/66\/revisions"}],"predecessor-version":[{"id":3148,"href":"https:\/\/oiaformore.com\/en\/wp-json\/wp\/v2\/product\/66\/revisions\/3148"}],"wp:featuredmedia":[{"embeddable":true,"href":"https:\/\/oiaformore.com\/en\/wp-json\/wp\/v2\/media\/1145"}],"wp:attachment":[{"href":"https:\/\/oiaformore.com\/en\/wp-json\/wp\/v2\/media?parent=66"}],"wp:term":[{"taxonomy":"product_brand","embeddable":true,"href":"https:\/\/oiaformore.com\/en\/wp-json\/wp\/v2\/product_brand?post=66"},{"taxonomy":"product_cat","embeddable":true,"href":"https:\/\/oiaformore.com\/en\/wp-json\/wp\/v2\/product_cat?post=66"},{"taxonomy":"product_tag","embeddable":true,"href":"https:\/\/oiaformore.com\/en\/wp-json\/wp\/v2\/product_tag?post=66"}],"curies":[{"name":"wp","href":"https:\/\/api.w.org\/{rel}","templated":true}]}}