{"id":67,"date":"2022-05-20T12:26:28","date_gmt":"2022-05-20T09:26:28","guid":{"rendered":"http:\/\/oia.orucerem.com\/index.php\/urun\/pure-skin-ahabha-serum\/"},"modified":"2026-02-02T23:02:43","modified_gmt":"2026-02-02T20:02:43","slug":"pure-skin-ahabha-serum","status":"publish","type":"product","link":"https:\/\/oiaformore.com\/en\/product\/pure-skin-ahabha-serum\/","title":{"rendered":"Pure Skin AHA + BHA  Serum"},"content":{"rendered":"<p style=\"margin-bottom: 11px;\"><span style=\"font-size: 11pt;\"><span style=\"line-height: 115%;\"><span style=\"font-family: Aptos,sans-serif;\"><b>Cildinize Derinlemesine Temizlik ve Yenilik!<\/b> OIA Pure Skin AHA+BHA Serum, hiperpigmentasyon ve cilt lekelerine kar\u015f\u0131 etkili destek sunar. \u0130\u00e7eri\u011findeki AHA ile cildin y\u00fczeyindeki zarar g\u00f6rm\u00fc\u015f deri h\u00fccrelerini ar\u0131nd\u0131r\u0131r, cildin kendini yenilemesine, korunmas\u0131na ve canlanmas\u0131na destek sa\u011flar. BHA ile cildin sebum dengesini sa\u011flar ve akne olu\u015fumunu engellemeye yard\u0131mc\u0131 olur. Cildinizde p\u00fcr\u00fczs\u00fcz ve sa\u011fl\u0131kl\u0131 bir g\u00f6r\u00fcn\u00fcm elde edin!<\/span><\/span><\/span><\/p>\n<p style=\"margin-bottom: 11px;\"><span style=\"font-size: 11pt;\"><span style=\"line-height: 115%;\"><span style=\"font-family: Aptos,sans-serif;\"><b>Featured Active Ingredients:<\/b><\/span><\/span><\/span><\/p>\n<ul>\n<li style=\"margin-bottom: 11px;\"><span style=\"font-size: 11pt;\"><span style=\"line-height: 115%;\"><span style=\"font-family: Aptos,sans-serif;\"><b>Glycolic Acid %5:<\/b> Cildin \u00fcst tabakas\u0131ndaki \u00f6l\u00fc h\u00fccreleri uzakla\u015ft\u0131rarak daha ayd\u0131nl\u0131k ve p\u00fcr\u00fczs\u00fcz bir g\u00f6r\u00fcn\u00fcm sa\u011flar.<\/span><\/span><\/span><\/li>\n<li style=\"margin-bottom: 11px;\"><span style=\"font-size: 11pt;\"><span style=\"line-height: 115%;\"><span style=\"font-family: Aptos,sans-serif;\"><b>Lactic Acid %5:<\/b> Hafif peeling etkisiyle cildi yeniler, nem tutma kapasitesini art\u0131r\u0131r.<\/span><\/span><\/span><\/li>\n<li style=\"margin-bottom: 11px;\"><span style=\"font-size: 11pt;\"><span style=\"line-height: 115%;\"><span style=\"font-family: Aptos,sans-serif;\"><b>Citric Acid %5:<\/b> Cilt tonunu e\u015fitlemeye yard\u0131mc\u0131 olur, antioksidan etki sunar.<\/span><\/span><\/span><\/li>\n<li style=\"margin-bottom: 11px;\"><span style=\"font-size: 11pt;\"><span style=\"line-height: 115%;\"><span style=\"font-family: Aptos,sans-serif;\"><b>Tartaric Acid %1,5:<\/b> Cilt yenilenmesine katk\u0131da bulunur, di\u011fer AHA\u2019lar\u0131n etkisini destekler.<\/span><\/span><\/span><\/li>\n<li style=\"margin-bottom: 11px;\"><span style=\"font-size: 11pt;\"><span style=\"line-height: 115%;\"><span style=\"font-family: Aptos,sans-serif;\"><b>Malic Acid %1,5:<\/b> H\u00fccre yenilenmesini uyar\u0131r, cilde canl\u0131l\u0131k verir.<\/span><\/span><\/span><\/li>\n<li style=\"margin-bottom: 11px;\"><span style=\"font-size: 11pt;\"><span style=\"line-height: 115%;\"><span style=\"font-family: Aptos,sans-serif;\"><b>Salicylic Acid (BHA) %2:<\/b> G\u00f6zenekleri ar\u0131nd\u0131r\u0131r, siyah nokta ve akne olu\u015fumunu azalt\u0131r.<\/span><\/span><\/span><\/li>\n<\/ul>\n<p style=\"margin-bottom: 11px;\"><span style=\"font-size: 11pt;\"><span style=\"line-height: 115%;\"><span style=\"font-family: Aptos,sans-serif;\"><b>How to use?<\/b> \u00dcr\u00fcn\u00fc kullanmadan \u00f6nce kolunuzun i\u00e7 k\u0131sm\u0131na bir miktar s\u00fcr\u00fcp deneyin. Alerjik bir reaksiyon vermedi\u011fine emin olduktan sonra kullanabilirsiniz. Cildinizin ihtiyac\u0131na g\u00f6re haftada 1 veya 2 kez, sadece ak\u015famlar\u0131 temiz cilde uygulay\u0131n\u0131z. 5-10 dakika beklettikten sonra bol su ile y\u0131kayarak temizlenmesi tavsiye edilir. G\u00fcnd\u00fcz kullan\u0131m\u0131 \u00f6nermemekle birlikte kapal\u0131 havalarda kullan\u0131ld\u0131\u011f\u0131nda \u00fczerine SPF 50 fakt\u00f6r g\u00fcne\u015f kremi kullan\u0131lmal\u0131d\u0131r.<\/span><\/span><\/span><\/p>\n<p style=\"margin-bottom: 11px;\"><span style=\"font-size: 11pt;\"><span style=\"line-height: 115%;\"><span style=\"font-family: Aptos,sans-serif;\"><b>Pure Skin AHA+BHA Serum Nedir?<\/b> Pure Skin AHA+BHA Serum, hiperpigmentasyon ve cilt lekelerine kar\u015f\u0131 etkili bir \u00e7\u00f6z\u00fcmd\u00fcr. AHA ve BHA i\u00e7eri\u011fi ile cildin y\u00fczeyini yeniler, derinlemesine temizler ve akne olu\u015fumunu engeller. D\u00fczenli kullan\u0131mda cildinizde p\u00fcr\u00fczs\u00fcz ve sa\u011fl\u0131kl\u0131 bir g\u00f6r\u00fcn\u00fcm elde etmenizi sa\u011flar.<\/span><\/span><\/span><\/p>\n<p style=\"margin-bottom: 11px;\"><span style=\"font-size: 11pt;\"><span style=\"line-height: 115%;\"><span style=\"font-family: Aptos,sans-serif;\"><b>Who can use?<\/b><\/span><\/span><\/span><\/p>\n<ul>\n<li style=\"margin-bottom: 11px;\"><span style=\"font-size: 11pt;\"><span style=\"line-height: 115%;\"><span style=\"font-family: Aptos,sans-serif;\">People with sensitive skin types should test on a small area first.<\/span><\/span><\/span><\/li>\n<li style=\"margin-bottom: 11px;\"><span style=\"font-size: 11pt;\"><span style=\"line-height: 115%;\"><span style=\"font-family: Aptos,sans-serif;\">Avoid applying around the eyes.<\/span><\/span><\/span><\/li>\n<\/ul>\n<p style=\"margin-bottom: 11px;\"><span style=\"font-size: 11pt;\"><span style=\"line-height: 115%;\"><span style=\"font-family: Aptos,sans-serif;\"><b>Which products should it not be used with?<\/b><\/span><\/span><\/span><\/p>\n<ul>\n<li style=\"margin-bottom: 11px;\"><span style=\"font-size: 11pt;\"><span style=\"line-height: 115%;\"><span style=\"font-family: Aptos,sans-serif;\">Serums and cleansers that contain retinol at the same time.<\/span><\/span><\/span><\/li>\n<li style=\"margin-bottom: 11px;\"><span style=\"font-size: 11pt;\"><span style=\"line-height: 115%;\"><span style=\"font-family: Aptos,sans-serif;\">Ayn\u0131 anda C Vitamini.<\/span><\/span><\/span><\/li>\n<\/ul>\n<p style=\"margin-bottom: 11px;\"><span style=\"font-size: 11pt;\"><span style=\"line-height: 115%;\"><span style=\"font-family: Aptos,sans-serif;\"><b>Which products can it be used with?<\/b><\/span><\/span><\/span><\/p>\n<ul>\n<li style=\"margin-bottom: 11px;\"><span style=\"font-size: 11pt;\"><span style=\"line-height: 115%;\"><span style=\"font-family: Aptos,sans-serif;\">It is perfectly compatible with moisturizers containing hyaluronic acid.<\/span><\/span><\/span><\/li>\n<li style=\"margin-bottom: 11px;\"><span style=\"font-size: 11pt;\"><span style=\"line-height: 115%;\"><span style=\"font-family: Aptos,sans-serif;\">You can provide extra protection by combining it with soothing and moisturizing serums.<\/span><\/span><\/span><\/li>\n<\/ul>\n<p style=\"margin-bottom: 11px;\"><span style=\"font-size: 11pt;\"><span style=\"line-height: 115%;\"><span style=\"font-family: Aptos,sans-serif;\"><b>Warnings:<\/b><\/span><\/span><\/span><\/p>\n<ul>\n<li style=\"margin-bottom: 11px;\"><span style=\"font-size: 11pt;\"><span style=\"line-height: 115%;\"><span style=\"font-family: Aptos,sans-serif;\">Avoid contact with eyes. In case of contact, rinse with plenty of water.<\/span><\/span><\/span><\/li>\n<li style=\"margin-bottom: 11px;\"><span style=\"font-size: 11pt;\"><span style=\"line-height: 115%;\"><span style=\"font-family: Aptos,sans-serif;\">Store out of reach of children and in its original packaging at room temperature.<\/span><\/span><\/span><\/li>\n<li style=\"margin-bottom: 11px;\"><span style=\"font-size: 11pt;\"><span style=\"line-height: 115%;\"><span style=\"font-family: Aptos,sans-serif;\">Do not expose to direct sunlight.<\/span><\/span><\/span><\/li>\n<\/ul>\n<p style=\"margin-bottom: 11px;\"><span style=\"font-size: 11pt;\"><span style=\"line-height: 115%;\"><span style=\"font-family: Aptos,sans-serif;\"><b>Ingredients:<\/b> Aqua, Citric Acid, Lactic Acid, Glycolic Acid, Propylene Glycol, Alcohol Denat., Triethanolamine, Tartaric Acid, Malic Acid, Salicylic Acid, Pentylene Glycol, Phenoxyethanol, Panthenol, Saccharum Officinarum Extract, Vaccinium Myrtillus Fruit Extract, Pyrus Malus Fruit Extract, Vitis Vinifera Leaf Extract, Citrus Medica Fruit Juice Extract, Sodium Hyaluronate, Ethylhexylglycerin, Tetrasodium Edta.<\/span><\/span><\/span><\/p>","protected":false},"excerpt":{"rendered":"<p>Pure Skin AHA+BHA Serum: Effectively reduces hyperpigmentation and skin spots with its formula enriched with Alpha and Beta Hydroxy Acids. It ensures skin renewal, sebum balance and prevents acne formation. Clean packs should be applied in the evening and combined with sunscreen.<\/p>","protected":false},"featured_media":2396,"comment_status":"open","ping_status":"closed","template":"","meta":{"_acf_changed":false,"_seopress_robots_primary_cat":"none","_seopress_titles_title":"","_seopress_titles_desc":"","_seopress_robots_index":""},"product_brand":[],"product_cat":[124,17,82,35,16,24],"product_tag":[],"class_list":{"0":"post-67","1":"product","2":"type-product","3":"status-publish","4":"has-post-thumbnail","6":"product_cat-annelergunu","7":"product_cat-ihtiyaca-gore","8":"product_cat-akne-sebum","9":"product_cat-leke-cilt-tonu-esitleme","10":"product_cat-urunler","11":"product_cat-serumlar","13":"first","14":"instock","15":"taxable","16":"shipping-taxable","17":"purchasable","18":"product-type-simple"},"acf":[],"_links":{"self":[{"href":"https:\/\/oiaformore.com\/en\/wp-json\/wp\/v2\/product\/67","targetHints":{"allow":["GET"]}}],"collection":[{"href":"https:\/\/oiaformore.com\/en\/wp-json\/wp\/v2\/product"}],"about":[{"href":"https:\/\/oiaformore.com\/en\/wp-json\/wp\/v2\/types\/product"}],"replies":[{"embeddable":true,"href":"https:\/\/oiaformore.com\/en\/wp-json\/wp\/v2\/comments?post=67"}],"version-history":[{"count":5,"href":"https:\/\/oiaformore.com\/en\/wp-json\/wp\/v2\/product\/67\/revisions"}],"predecessor-version":[{"id":3146,"href":"https:\/\/oiaformore.com\/en\/wp-json\/wp\/v2\/product\/67\/revisions\/3146"}],"wp:featuredmedia":[{"embeddable":true,"href":"https:\/\/oiaformore.com\/en\/wp-json\/wp\/v2\/media\/2396"}],"wp:attachment":[{"href":"https:\/\/oiaformore.com\/en\/wp-json\/wp\/v2\/media?parent=67"}],"wp:term":[{"taxonomy":"product_brand","embeddable":true,"href":"https:\/\/oiaformore.com\/en\/wp-json\/wp\/v2\/product_brand?post=67"},{"taxonomy":"product_cat","embeddable":true,"href":"https:\/\/oiaformore.com\/en\/wp-json\/wp\/v2\/product_cat?post=67"},{"taxonomy":"product_tag","embeddable":true,"href":"https:\/\/oiaformore.com\/en\/wp-json\/wp\/v2\/product_tag?post=67"}],"curies":[{"name":"wp","href":"https:\/\/api.w.org\/{rel}","templated":true}]}}