{"id":68,"date":"2022-05-20T12:51:25","date_gmt":"2022-05-20T09:51:25","guid":{"rendered":"http:\/\/oia.orucerem.com\/index.php\/urun\/pigment-serum\/"},"modified":"2026-03-08T17:33:37","modified_gmt":"2026-03-08T14:33:37","slug":"pigment-serum","status":"publish","type":"product","link":"https:\/\/oiaformore.com\/en\/product\/pigment-serum\/","title":{"rendered":"Pigment Serum"},"content":{"rendered":"<p style=\"margin-bottom: 12px; font-size: 11pt; line-height: 115%; font-family: Aptos,sans-serif;\"><b>Cildinizde Lekesiz, P\u00fcr\u00fczs\u00fcz ve Parlak Bir G\u00f6r\u00fcn\u00fcm!<\/b><\/p>\n<p style=\"margin-bottom: 12px; font-size: 11pt; line-height: 115%; font-family: Aptos,sans-serif;\">OIA Pigment Serum, d\u00fczenli kullan\u0131m ile cildinizin daha p\u00fcr\u00fczs\u00fczle\u015fmesine, lekelerin giderilmesine ve parlakl\u0131k kazanmas\u0131na yard\u0131mc\u0131 olur. Hyaluronik asit, cildinizi derinlemesine nemlendirir ve B5 Vitamini (Panthenol) cildinize canl\u0131 ve parlak bir g\u00f6r\u00fcn\u00fcm kazand\u0131r\u0131r. G\u00fcne\u015f lekelerinin g\u00f6r\u00fcn\u00fcm\u00fcn\u00fc azaltarak cilt tonunuzu e\u015fitler ve sa\u011fl\u0131kl\u0131 bir cilt g\u00f6r\u00fcn\u00fcm\u00fc sa\u011flar. T\u00fcm cilt tipleri i\u00e7in uygundur.<\/p>\n<p style=\"margin-bottom: 12px; font-size: 11pt; line-height: 115%; font-family: Aptos,sans-serif;\"><b>Featured Active Ingredients:<\/b><\/p>\n<ul style=\"font-size: 11pt; line-height: 115%; font-family: Aptos,sans-serif;\">\n<li><b>Niacinamide (%5):<\/b> Cilt tonunu e\u015fitler, lekelerin g\u00f6r\u00fcn\u00fcm\u00fcn\u00fc azalt\u0131r.<\/li>\n<li><b>Alpha-Arbutin (%2):<\/b> Melanin \u00fcretimini bask\u0131layarak leke kar\u015f\u0131t\u0131 etki sa\u011flar.<\/li>\n<li><b>Hyaluronic Acid (%2):<\/b> Cildi nemlendirir, yumu\u015fat\u0131r ve p\u00fcr\u00fczs\u00fczle\u015ftirir.<\/li>\n<li><b>Vitamin B5 (Panthenol) (%2):<\/b> Cilde canl\u0131l\u0131k ve parlakl\u0131k kazand\u0131r\u0131r.<\/li>\n<li><b>Allantoin (%1):<\/b> Cildi yat\u0131\u015ft\u0131r\u0131r ve onar\u0131r.<\/li>\n<li><b>Lactic Acid \/ Glycolic Acid Copolymer (%1):<\/b> Cilt dokusunu yeniler ve parlakl\u0131k sa\u011flar.<\/li>\n<\/ul>\n<p style=\"margin-bottom: 12px; font-size: 11pt; line-height: 115%; font-family: Aptos,sans-serif;\"><b>How to use?<\/b><\/p>\n<p style=\"margin-bottom: 12px; font-size: 11pt; line-height: 115%; font-family: Aptos,sans-serif;\">Cildinizi temizledikten sonra, emilene kadar y\u00fcz\u00fcn\u00fcze g\u00fcnde iki kez birka\u00e7 damla serum uygulay\u0131n. Daha iyi sonu\u00e7lar i\u00e7in 3 ay boyunca d\u00fczenli kullan\u0131m \u00f6nerilir.<\/p>\n<p style=\"margin-bottom: 12px; font-size: 11pt; line-height: 115%; font-family: Aptos,sans-serif;\"><b>Pigment Serum Nedir?<\/b><\/p>\n<p style=\"margin-bottom: 12px; font-size: 11pt; line-height: 115%; font-family: Aptos,sans-serif;\">Pigment Serum, cildinizin p\u00fcr\u00fczs\u00fczle\u015fmesine, nemlenmesine ve parlakl\u0131k kazanmas\u0131na yard\u0131mc\u0131 olan bir serumdur. Hyaluronik asit ve Vitamin B5 ile zenginle\u015ftirilmi\u015f form\u00fcl\u00fc, cildinize canl\u0131l\u0131k kazand\u0131r\u0131r ve g\u00fcne\u015f lekelerinin g\u00f6r\u00fcn\u00fcm\u00fcn\u00fc azalt\u0131r.<\/p>\n<p style=\"margin-bottom: 12px; font-size: 11pt; line-height: 115%; font-family: Aptos,sans-serif;\"><b>Who can use?<\/b><\/p>\n<ul style=\"font-size: 11pt; line-height: 115%; font-family: Aptos,sans-serif;\">\n<li>People with sensitive skin types should test on a small area first.<\/li>\n<li>Avoid applying around the eyes.<\/li>\n<\/ul>\n<p style=\"margin-bottom: 12px; font-size: 11pt; line-height: 115%; font-family: Aptos,sans-serif;\"><b>Which products should it not be used with?<\/b><\/p>\n<ul style=\"font-size: 11pt; line-height: 115%; font-family: Aptos,sans-serif;\">\n<li>Products that contain AHA and BHA at the same time.<\/li>\n<li>Serums and cleansers that contain retinol at the same time.<\/li>\n<\/ul>\n<p style=\"margin-bottom: 12px; font-size: 11pt; line-height: 115%; font-family: Aptos,sans-serif;\"><b>Which products can it be used with?<\/b><\/p>\n<ul style=\"font-size: 11pt; line-height: 115%; font-family: Aptos,sans-serif;\">\n<li>It is perfectly compatible with moisturizers containing hyaluronic acid.<\/li>\n<li>You can provide extra protection by combining it with soothing and moisturizing creams.<\/li>\n<\/ul>\n<p style=\"margin-bottom: 12px; font-size: 11pt; line-height: 115%; font-family: Aptos,sans-serif;\"><b>Warnings:<\/b><\/p>\n<ul style=\"font-size: 11pt; line-height: 115%; font-family: Aptos,sans-serif;\">\n<li>Avoid contact with eyes. In case of contact, rinse with plenty of water.<\/li>\n<li>Store out of reach of children and in its original packaging at room temperature.<\/li>\n<li>Do not expose to direct sunlight.<\/li>\n<\/ul>\n<p style=\"margin-bottom: 12px; font-size: 11pt; line-height: 115%; font-family: Aptos,sans-serif;\" class=\"translation-block\"><span style=\"font-size: 12pt\"><span style=\"line-height: 115%\"><span style=\"font-family: Aptos,sans-serif\"><b><span style=\"font-size: 9.0pt\"><span style=\"line-height: 115%\">Contents:<\/span><\/span><\/b><span style=\"font-size: 9.0pt\"><span style=\"line-height: 115%\"> Aqua, Niacinamide, Propylene Glycol, Glycyrrhiza Glabra Root Extract, Alpha-Arbutin, Phenoxyethanol, Ethylhexylglycerin, Pentylene Glycol, PEG-12 Dimethicone, Panthenol, Hydroxyethylcellulose, Polysorbate 20, Xanthan Gum, Lactic Acid\/Glycolic Acid Copolymer, Palmitoyl Sh-Octapeptide-24 Amide, Polyvinyl Alcohol, Palmitoyl Sh-Tripeptide-5 Norleucoyl Sh-Nonapeptide-1, Phenoxyethanol, Caprylyl Glycol, Glycerin, Phenylpropanol, Glyceryl Caprylate, Propanediol, Hydrolyzed Glycosaminoglycans, Glycerin, Sodium Hyaluronate, Hydrolyzed Hyaluronic Acid, Hyaluronic Acid, Sodium Hyaluronate Crosspolymer, Allantoin, Parfum, Lactic Acid, Tetrasodium EDTA.<\/span><\/span><\/span><\/span><\/span><\/p>","protected":false},"excerpt":{"rendered":"<p>Enriched formula with active oxygen helps reduce sun and acne spots. Effective with regular use for 45 days. Moisturizes and vitalizes the skin with hyaluronic acid and vitamin B5. Recommended for use in night care routine.<\/p>","protected":false},"featured_media":2394,"comment_status":"open","ping_status":"closed","template":"","meta":{"_acf_changed":false,"_seopress_robots_primary_cat":"none","_seopress_titles_title":"","_seopress_titles_desc":"","_seopress_robots_index":""},"product_brand":[],"product_cat":[124,17,35,85,34,36,18,40,24],"product_tag":[],"class_list":{"0":"post-68","1":"product","2":"type-product","3":"status-publish","4":"has-post-thumbnail","6":"product_cat-annelergunu","7":"product_cat-ihtiyaca-gore","8":"product_cat-leke-cilt-tonu-esitleme","9":"product_cat-gozenek-sikilastirici","10":"product_cat-yaslanma-karsiti","11":"product_cat-leke-giderici","12":"product_cat-rutine-gore","13":"product_cat-gunluk","14":"product_cat-serumlar","16":"first","17":"instock","18":"taxable","19":"shipping-taxable","20":"purchasable","21":"product-type-simple"},"acf":[],"_links":{"self":[{"href":"https:\/\/oiaformore.com\/en\/wp-json\/wp\/v2\/product\/68","targetHints":{"allow":["GET"]}}],"collection":[{"href":"https:\/\/oiaformore.com\/en\/wp-json\/wp\/v2\/product"}],"about":[{"href":"https:\/\/oiaformore.com\/en\/wp-json\/wp\/v2\/types\/product"}],"replies":[{"embeddable":true,"href":"https:\/\/oiaformore.com\/en\/wp-json\/wp\/v2\/comments?post=68"}],"version-history":[{"count":4,"href":"https:\/\/oiaformore.com\/en\/wp-json\/wp\/v2\/product\/68\/revisions"}],"predecessor-version":[{"id":3144,"href":"https:\/\/oiaformore.com\/en\/wp-json\/wp\/v2\/product\/68\/revisions\/3144"}],"wp:featuredmedia":[{"embeddable":true,"href":"https:\/\/oiaformore.com\/en\/wp-json\/wp\/v2\/media\/2394"}],"wp:attachment":[{"href":"https:\/\/oiaformore.com\/en\/wp-json\/wp\/v2\/media?parent=68"}],"wp:term":[{"taxonomy":"product_brand","embeddable":true,"href":"https:\/\/oiaformore.com\/en\/wp-json\/wp\/v2\/product_brand?post=68"},{"taxonomy":"product_cat","embeddable":true,"href":"https:\/\/oiaformore.com\/en\/wp-json\/wp\/v2\/product_cat?post=68"},{"taxonomy":"product_tag","embeddable":true,"href":"https:\/\/oiaformore.com\/en\/wp-json\/wp\/v2\/product_tag?post=68"}],"curies":[{"name":"wp","href":"https:\/\/api.w.org\/{rel}","templated":true}]}}