{"id":74,"date":"2022-05-20T13:23:26","date_gmt":"2022-05-20T10:23:26","guid":{"rendered":"http:\/\/oia.orucerem.com\/index.php\/urun\/bakir-gua-sha-kare\/"},"modified":"2026-03-03T22:09:00","modified_gmt":"2026-03-03T19:09:00","slug":"bakir-gua-sha-kare","status":"publish","type":"product","link":"https:\/\/oiaformore.com\/en\/product\/bakir-gua-sha-kare\/","title":{"rendered":"100%  Natural Copper Anti-Aging Effective Gua Sha Square Model"},"content":{"rendered":"<p>%100 Do\u011fal Bak\u0131r Anti Aging Etkili Gua Sha Kare Model | \u00c7atlamaz | K\u0131r\u0131lmaz | T\u00fcrkiye&#8217;de Tek \u00dcreticiden Garantili | Y\u00fcz Boyun &amp; Dekolte \u0130\u00e7in Uygun<\/p>\n<p>It is produced by hand using completely natural copper.<\/p>\n<p>NOT:<br \/>\nOIA Bak\u0131r Gua Sha, %100 saf bak\u0131rdan el i\u015f\u00e7ili\u011fiyle \u00fcretilmi\u015ftir. Her bir \u00fcr\u00fcn \u00f6zenle elde \u015fekillendirilmekte olup, bu \u00f6zel \u00fcretim s\u00fcreci nedeniyle y\u00fczeyinde k\u00fc\u00e7\u00fck farkl\u0131l\u0131klar, hafif p\u00fcr\u00fczler, mikro \u00e7izgiler, dalgalana veya renk de\u011fi\u015fiklikleri bulunabilir. Bu detaylar, \u00fcr\u00fcn\u00fcn el yap\u0131m\u0131 ve do\u011fal yap\u0131s\u0131n\u0131n bir yans\u0131mas\u0131d\u0131r; kaliteyi veya i\u015flevselli\u011fi etkilemez. Tam aksine, her bir Gua Sha&#8217;y\u0131 e\u015fsiz ve size \u00f6zel k\u0131lar.<\/p>\n<p>It regulates blood circulation by stimulating anti-aging points especially in the face and neck area, triggers collagen production thanks to the natural copper element and creates a visible difference even in the first month of use.<br \/>\nIt is recommended to apply OIA Hyaluronic Ozone Serum to clean skin 1-3 times a week.<br \/>\nThe product is shipped in its own special pouch.<br \/>\nIt is suitable for lifelong use.; Since it is natural copper, it does not contain bacteria.<br \/>\nDoes not crack or break.<br \/>\nIt is recommended to clean it once a week with vinegar or baking soda water and a soft cloth.<br \/>\nIn case of oxidation, boiling in vinegar water is sufficient.<br \/>\nBenefits of Copper for Skin:<br \/>\nCleanses and renews the skin<br \/>\nIt supports skin elasticity and shaping.<br \/>\nCopper, as one of the body's essential minerals, must be kept at the required level for both the skin and all cells.<br \/>\nAccording to some beliefs, drinking water from a copper glass and coming into contact with copper objects charges the body with positive electricity, enriching it with copper and providing the body with the minerals it needs.<br \/>\nProduct Size: Average Width: 9 cm Average Length: 7 cm<\/p>","protected":false},"excerpt":{"rendered":"<p>Copper Gua Sha Square: 100% natural, handmade anti-aging copper Gua Sha. Regulates blood circulation in the face and neck area, triggers collagen production. Apply 1-3 times a week with natural oil, renew your skin. Ideal for lifelong use, does not contain bacteria.<\/p>","protected":false},"featured_media":1125,"comment_status":"open","ping_status":"closed","template":"","meta":{"_acf_changed":false,"_seopress_robots_primary_cat":"none","_seopress_titles_title":"","_seopress_titles_desc":"","_seopress_robots_index":""},"product_brand":[],"product_cat":[89,91,90,17,34,86,16,26],"product_tag":[],"class_list":{"0":"post-74","1":"product","2":"type-product","3":"status-publish","4":"has-post-thumbnail","6":"product_cat-kuru-cilt","7":"product_cat-karma-cilt","8":"product_cat-yagli-cilt","9":"product_cat-ihtiyaca-gore","10":"product_cat-yaslanma-karsiti","11":"product_cat-dogal-botoks","12":"product_cat-urunler","13":"product_cat-gua-sha","15":"first","16":"instock","17":"taxable","18":"shipping-taxable","19":"purchasable","20":"product-type-simple"},"acf":[],"_links":{"self":[{"href":"https:\/\/oiaformore.com\/en\/wp-json\/wp\/v2\/product\/74","targetHints":{"allow":["GET"]}}],"collection":[{"href":"https:\/\/oiaformore.com\/en\/wp-json\/wp\/v2\/product"}],"about":[{"href":"https:\/\/oiaformore.com\/en\/wp-json\/wp\/v2\/types\/product"}],"replies":[{"embeddable":true,"href":"https:\/\/oiaformore.com\/en\/wp-json\/wp\/v2\/comments?post=74"}],"version-history":[{"count":3,"href":"https:\/\/oiaformore.com\/en\/wp-json\/wp\/v2\/product\/74\/revisions"}],"predecessor-version":[{"id":2798,"href":"https:\/\/oiaformore.com\/en\/wp-json\/wp\/v2\/product\/74\/revisions\/2798"}],"wp:featuredmedia":[{"embeddable":true,"href":"https:\/\/oiaformore.com\/en\/wp-json\/wp\/v2\/media\/1125"}],"wp:attachment":[{"href":"https:\/\/oiaformore.com\/en\/wp-json\/wp\/v2\/media?parent=74"}],"wp:term":[{"taxonomy":"product_brand","embeddable":true,"href":"https:\/\/oiaformore.com\/en\/wp-json\/wp\/v2\/product_brand?post=74"},{"taxonomy":"product_cat","embeddable":true,"href":"https:\/\/oiaformore.com\/en\/wp-json\/wp\/v2\/product_cat?post=74"},{"taxonomy":"product_tag","embeddable":true,"href":"https:\/\/oiaformore.com\/en\/wp-json\/wp\/v2\/product_tag?post=74"}],"curies":[{"name":"wp","href":"https:\/\/api.w.org\/{rel}","templated":true}]}}