{"id":80,"date":"2022-05-20T13:40:35","date_gmt":"2022-05-20T10:40:35","guid":{"rendered":"http:\/\/oia.orucerem.com\/index.php\/urun\/serum-set\/"},"modified":"2026-02-11T16:03:57","modified_gmt":"2026-02-11T13:03:57","slug":"serum-set","status":"publish","type":"product","link":"https:\/\/oiaformore.com\/en\/product\/serum-set\/","title":{"rendered":"3 Piece Skin Blemish and Acne Set"},"content":{"rendered":"<p>Lekeli ve siyah noktalara sahip ciltlerde \u00f6ncelikle k\u0131\u015f mevsiminde kullan\u0131ma ba\u015flanacak \u015fekilde haftada 1 veya 2 kez ak\u015famlar\u0131 uygulanan OIA Pure Skin Serum ve her sabah ak\u015fam kullan\u0131m\u0131 \u00f6nerdi\u011fimiz OIA Pigment Serum ile lekelerinizin ve siyah noktalar\u0131n\u0131z\u0131n giderilmesine yard\u0131mc\u0131 olur. ; Ayr\u0131ca ince \u00e7izgilerinizi a\u00e7maya ve cilde ola\u011fan\u00fcst\u00fc nem vermeye destek olan Hyal\u00fcronik Ozon Serum ile cilt bak\u0131m\u0131n\u0131z\u0131 do\u011fru bir temel \u00fczerine oturtabilirsiniz. ; Set i\u00e7eri\u011fi: OIA Hyaluronic Ozone Serum 30 ml 1 adet OIA Pigment Serum 30 ml 1 adet OIA AHA+BHA Serum 30 ml 1 adet;<\/p>","protected":false},"excerpt":{"rendered":"<p>Enrich your skin care routine with the set containing Hyaluronic Ozone Serum, Pigment Serum and Pure Skin AHA BHA Serum. Ideal for a flawless skin.<\/p>","protected":false},"featured_media":1153,"comment_status":"open","ping_status":"closed","template":"","meta":{"_acf_changed":false,"_seopress_robots_primary_cat":"none","_seopress_titles_title":"","_seopress_titles_desc":"","_seopress_robots_index":""},"product_brand":[],"product_cat":[35,16,27],"product_tag":[],"class_list":{"0":"post-80","1":"product","2":"type-product","3":"status-publish","4":"has-post-thumbnail","6":"product_cat-leke-cilt-tonu-esitleme","7":"product_cat-urunler","8":"product_cat-setler","10":"first","11":"instock","12":"taxable","13":"shipping-taxable","14":"purchasable","15":"product-type-simple"},"acf":[],"_links":{"self":[{"href":"https:\/\/oiaformore.com\/en\/wp-json\/wp\/v2\/product\/80","targetHints":{"allow":["GET"]}}],"collection":[{"href":"https:\/\/oiaformore.com\/en\/wp-json\/wp\/v2\/product"}],"about":[{"href":"https:\/\/oiaformore.com\/en\/wp-json\/wp\/v2\/types\/product"}],"replies":[{"embeddable":true,"href":"https:\/\/oiaformore.com\/en\/wp-json\/wp\/v2\/comments?post=80"}],"version-history":[{"count":2,"href":"https:\/\/oiaformore.com\/en\/wp-json\/wp\/v2\/product\/80\/revisions"}],"predecessor-version":[{"id":2683,"href":"https:\/\/oiaformore.com\/en\/wp-json\/wp\/v2\/product\/80\/revisions\/2683"}],"wp:featuredmedia":[{"embeddable":true,"href":"https:\/\/oiaformore.com\/en\/wp-json\/wp\/v2\/media\/1153"}],"wp:attachment":[{"href":"https:\/\/oiaformore.com\/en\/wp-json\/wp\/v2\/media?parent=80"}],"wp:term":[{"taxonomy":"product_brand","embeddable":true,"href":"https:\/\/oiaformore.com\/en\/wp-json\/wp\/v2\/product_brand?post=80"},{"taxonomy":"product_cat","embeddable":true,"href":"https:\/\/oiaformore.com\/en\/wp-json\/wp\/v2\/product_cat?post=80"},{"taxonomy":"product_tag","embeddable":true,"href":"https:\/\/oiaformore.com\/en\/wp-json\/wp\/v2\/product_tag?post=80"}],"curies":[{"name":"wp","href":"https:\/\/api.w.org\/{rel}","templated":true}]}}