{"id":89,"date":"2022-08-03T20:19:49","date_gmt":"2022-08-03T17:19:49","guid":{"rendered":"http:\/\/oia.orucerem.com\/index.php\/urun\/gunluk-temizleme-seti\/"},"modified":"2026-04-08T22:45:16","modified_gmt":"2026-04-08T19:45:16","slug":"gunluk-temizleme-seti","status":"publish","type":"product","link":"https:\/\/oiaformore.com\/en\/product\/gunluk-temizleme-seti\/","title":{"rendered":"2-Piece Daily Facial Cleansing Set"},"content":{"rendered":"<p>&#8220;OIA Face Cleanser Gel 120 ml | Salicylic &amp; Lactic Acid -witch Hazel | Ar\u0131ndr\u0131c\u0131 Y\u00fcz Temizleme Jeli ve OIA Face Tonic 120 ml Witch Hazel | B5 Vit G\u00f6zenek S\u0131k\u0131la\u015ft\u0131r\u0131c\u0131 | Sebum Dengeleyici | H\u0131zl\u0131 Etki<\/p>\n<p>OIA Face Cleanser Gel 120 ml | Salicylic &amp; Lactic Acid -witch Hazel | Ar\u0131ndr\u0131c\u0131 Y\u00fcz Temizleme Jeli<br \/>\nThe ideal duo to cleanse and revitalize the skin every morning and evening.<\/p>\n<p>Face Cleanser Gel 120 ml | Salicylic &amp; Lactic Acid -Witch Hazel | Ar\u0131ndr\u0131c\u0131 ve Temizleyici Y\u00fcz Temizleme Jeli | T\u00fcm Cilt Tipi \u0130\u00e7in Cildi nazik bir \u015fekilde temizleyip \u00f6l\u00fc derilerden ar\u0131nd\u0131ran ve nem dengesini koruyan bir temizleyici jeldir.<\/p>\n<p>OIA Face Tonic provides nourishing effects to the skin thanks to the witch hazel extract, allantoin and panthenol it contains.<br \/>\nSebum salg\u0131lar\u0131n\u0131 dengelemeye, cildin a\u015f\u0131r\u0131 parlamas\u0131n\u0131 \u00f6nlemeye ve g\u00f6zenekleri s\u0131k\u0131la\u015ft\u0131rmaya yard\u0131mc\u0131 olur.<\/p>\n<p>A face wash and toner set can be one of the basic elements of your skin care routine. When used together, these two products cleanse the skin, provide balance and prepare it for the next care steps. While the face wash gel cleanses the skin of dirt and excess oil, the toner regulates the skin's pH balance.<\/p>","protected":false},"excerpt":{"rendered":"<p>Gently cleanse your skin with FACE TONIC and FACE CLEANSER and get a fresh and vibrant look every day.<\/p>","protected":false},"featured_media":1163,"comment_status":"open","ping_status":"closed","template":"","meta":{"_acf_changed":false,"_seopress_robots_primary_cat":"none","_seopress_titles_title":"","_seopress_titles_desc":"","_seopress_robots_index":""},"product_brand":[],"product_cat":[35,16,27],"product_tag":[],"class_list":{"0":"post-89","1":"product","2":"type-product","3":"status-publish","4":"has-post-thumbnail","6":"product_cat-leke-cilt-tonu-esitleme","7":"product_cat-urunler","8":"product_cat-setler","10":"first","11":"instock","12":"taxable","13":"shipping-taxable","14":"purchasable","15":"product-type-simple"},"acf":[],"_links":{"self":[{"href":"https:\/\/oiaformore.com\/en\/wp-json\/wp\/v2\/product\/89","targetHints":{"allow":["GET"]}}],"collection":[{"href":"https:\/\/oiaformore.com\/en\/wp-json\/wp\/v2\/product"}],"about":[{"href":"https:\/\/oiaformore.com\/en\/wp-json\/wp\/v2\/types\/product"}],"replies":[{"embeddable":true,"href":"https:\/\/oiaformore.com\/en\/wp-json\/wp\/v2\/comments?post=89"}],"version-history":[{"count":3,"href":"https:\/\/oiaformore.com\/en\/wp-json\/wp\/v2\/product\/89\/revisions"}],"predecessor-version":[{"id":3097,"href":"https:\/\/oiaformore.com\/en\/wp-json\/wp\/v2\/product\/89\/revisions\/3097"}],"wp:featuredmedia":[{"embeddable":true,"href":"https:\/\/oiaformore.com\/en\/wp-json\/wp\/v2\/media\/1163"}],"wp:attachment":[{"href":"https:\/\/oiaformore.com\/en\/wp-json\/wp\/v2\/media?parent=89"}],"wp:term":[{"taxonomy":"product_brand","embeddable":true,"href":"https:\/\/oiaformore.com\/en\/wp-json\/wp\/v2\/product_brand?post=89"},{"taxonomy":"product_cat","embeddable":true,"href":"https:\/\/oiaformore.com\/en\/wp-json\/wp\/v2\/product_cat?post=89"},{"taxonomy":"product_tag","embeddable":true,"href":"https:\/\/oiaformore.com\/en\/wp-json\/wp\/v2\/product_tag?post=89"}],"curies":[{"name":"wp","href":"https:\/\/api.w.org\/{rel}","templated":true}]}}