{"id":90,"date":"2022-08-03T20:48:41","date_gmt":"2022-08-03T17:48:41","guid":{"rendered":"http:\/\/oia.orucerem.com\/index.php\/urun\/sac-bakim-seti\/"},"modified":"2026-03-03T15:31:00","modified_gmt":"2026-03-03T12:31:00","slug":"sac-bakim-seti","status":"publish","type":"product","link":"https:\/\/oiaformore.com\/en\/product\/sac-bakim-seti\/","title":{"rendered":"2-Pack Ozone Hair and Scalp Care"},"content":{"rendered":"<p>Oia 2&#8217;li Ozonlu Sa\u00e7 ve Sa\u00e7 Derisi Bak\u0131m\u0131 | \u015eampuan &#038; Serum | Kepek \/unisex 2 li Ozonlu Sa\u00e7 ve Sa\u00e7 Derisi Bak\u0131m Seti &#8211; Sa\u00e7 D\u00f6k\u00fclmesi   Ozonla G\u00fc\u00e7lendirilmi\u015f Oia For More Profesyonel Sa\u00e7 Bak\u0131m \u015eampuan\u0131 ve Oia For More Sa\u00e7 Profesyonel Sa\u00e7 Bak\u0131m Spreyi tek \u00fcr\u00fcnde birle\u015ftirilen g\u00fc\u00e7l\u00fc form\u00fclasyonu sayesinde birden fazla sa\u00e7 sorununa y\u00f6nelik olumlu etkiler sa\u011flarken \u0130\u00e7eri\u011finde bulunan ozon ya\u011f\u0131 sayesinde, evde sa\u00e7 bak\u0131m\u0131n\u0131 profesonel bir seviyeye ta\u015f\u0131yan OIA Hair Serum da hem sa\u00e7 d\u00f6k\u00fclmesini \u00f6nleyici hem de sa\u011fl\u0131kl\u0131 ve h\u0131zl\u0131 uzat\u0131c\u0131 etkiler sunan bir form\u00fclasyonla geli\u015ftirildi Bitkisel \u00f6zlerden elde edilen multi vitamin ve mineral kompleksiyle sa\u00e7\u0131n ihtiya\u00e7 duydu\u011fu t\u00fcm bile\u015fenleri sa\u011flar. Aloe vera, argan ya\u011f\u0131 ve keratin ile g\u00fc\u00e7lendirilmi\u015f bu \u015fampuan, sa\u00e7\u0131n\u0131z\u0131 besler, g\u00fc\u00e7lendirir ve sa\u00e7 derisi sorunlar\u0131na \u00e7\u00f6z\u00fcm sunar. \u015eampuan kulland\u0131ktan sonra Serum Kullanman\u0131n\u0131z. OIA Ozonla G\u00fc\u00e7lendirilmi\u015f Sa\u00e7 Bak\u0131m \u015eampuan\u0131 &#8211; Ozone Hair Shampoo Haftada 3 kez \u0131slak sa\u00e7a ve sa\u00e7 derisine parmak u\u00e7lar\u0131n\u0131zla masaj yaparak uygulay\u0131n. OIA Ozonla G\u00fc\u00e7lendirilmi\u015f Sa\u00e7 Bak\u0131m \u015eampuan\u0131 2 dakika beklettikten sonra bol su ile durulay\u0131n. Uygulaman\u0131n her y\u0131kamada 2 kez tekrarlanmas\u0131 tavsiye edilir. OIA Profesyonel Sa\u00e7 Serumunu sabah ve ak\u015fam olmak \u00fczere g\u00fcnde iki kez, d\u00f6k\u00fclme sorunu olan b\u00f6lgelerdeki kuru sa\u00e7 derisine en az 5 s\u0131k\u0131ml\u0131k uygulay\u0131n\u0131z ve parmak u\u00e7lar\u0131n\u0131zla masaj yap\u0131n\u0131z. Yo\u011fun kimyasal i\u00e7eren di\u011fer sa\u00e7 \u00fcr\u00fcnleri ile kullan\u0131lmamal\u0131d\u0131r. OIA Hair Shampoo ve OIA Profesyonel Sa\u00e7 Serumu kullan\u0131ld\u0131\u011f\u0131 s\u00fcrede ba\u015fka bir \u015fampuan ya da sabun kullanmay\u0131n\u0131z. T\u00fcm sa\u00e7 tiplerine uygundur.<\/p>","protected":false},"excerpt":{"rendered":"<p>Give your hair deep care and natural shine with the set containing OZONE HAIR SHAMPOO and HAIR SERUM.<\/p>","protected":false},"featured_media":1164,"comment_status":"open","ping_status":"closed","template":"","meta":{"_acf_changed":false,"_seopress_robots_primary_cat":"none","_seopress_titles_title":"","_seopress_titles_desc":"","_seopress_robots_index":""},"product_brand":[],"product_cat":[53,16,27,28],"product_tag":[],"class_list":{"0":"post-90","1":"product","2":"type-product","3":"status-publish","4":"has-post-thumbnail","6":"product_cat-spa-banyo","7":"product_cat-urunler","8":"product_cat-setler","9":"product_cat-vucut-sac-bakim","11":"first","12":"instock","13":"taxable","14":"shipping-taxable","15":"purchasable","16":"product-type-simple"},"acf":[],"_links":{"self":[{"href":"https:\/\/oiaformore.com\/en\/wp-json\/wp\/v2\/product\/90","targetHints":{"allow":["GET"]}}],"collection":[{"href":"https:\/\/oiaformore.com\/en\/wp-json\/wp\/v2\/product"}],"about":[{"href":"https:\/\/oiaformore.com\/en\/wp-json\/wp\/v2\/types\/product"}],"replies":[{"embeddable":true,"href":"https:\/\/oiaformore.com\/en\/wp-json\/wp\/v2\/comments?post=90"}],"version-history":[{"count":3,"href":"https:\/\/oiaformore.com\/en\/wp-json\/wp\/v2\/product\/90\/revisions"}],"predecessor-version":[{"id":2923,"href":"https:\/\/oiaformore.com\/en\/wp-json\/wp\/v2\/product\/90\/revisions\/2923"}],"wp:featuredmedia":[{"embeddable":true,"href":"https:\/\/oiaformore.com\/en\/wp-json\/wp\/v2\/media\/1164"}],"wp:attachment":[{"href":"https:\/\/oiaformore.com\/en\/wp-json\/wp\/v2\/media?parent=90"}],"wp:term":[{"taxonomy":"product_brand","embeddable":true,"href":"https:\/\/oiaformore.com\/en\/wp-json\/wp\/v2\/product_brand?post=90"},{"taxonomy":"product_cat","embeddable":true,"href":"https:\/\/oiaformore.com\/en\/wp-json\/wp\/v2\/product_cat?post=90"},{"taxonomy":"product_tag","embeddable":true,"href":"https:\/\/oiaformore.com\/en\/wp-json\/wp\/v2\/product_tag?post=90"}],"curies":[{"name":"wp","href":"https:\/\/api.w.org\/{rel}","templated":true}]}}