{"id":94,"date":"2022-10-07T23:57:59","date_gmt":"2022-10-07T20:57:59","guid":{"rendered":"http:\/\/oia.orucerem.com\/index.php\/urun\/%100-bakir-gua-sha-2li-set\/"},"modified":"2026-02-10T18:25:57","modified_gmt":"2026-02-10T15:25:57","slug":"0-bakir-gua-sha-2li-set","status":"publish","type":"product","link":"https:\/\/oiaformore.com\/en\/product\/0-bakir-gua-sha-2li-set\/","title":{"rendered":"0 Copper Gua Sha Anti Aging Effect 2 Piece Set"},"content":{"rendered":"<p>%100 Bak\u0131r Gua Sha Anti Aging Etkili Kalp ve Kare Model 2&#8217;li Set \u00c7atlamaz K\u0131r\u0131lmaz Garantili Y\u00fcz &amp; T\u00fcm V\u00fccut \u0130\u00e7in<\/p>\n<p>NOT:<br \/>\nOIA Bak\u0131r Gua Sha, %100 saf bak\u0131rdan el i\u015f\u00e7ili\u011fiyle \u00fcretilmi\u015ftir. Her bir \u00fcr\u00fcn \u00f6zenle elde \u015fekillendirilmekte olup, bu \u00f6zel \u00fcretim s\u00fcreci nedeniyle y\u00fczeyinde k\u00fc\u00e7\u00fck farkl\u0131l\u0131klar, hafif p\u00fcr\u00fczler, mikro \u00e7izgiler, dalgalana veya renk de\u011fi\u015fiklikleri bulunabilir. Bu detaylar, \u00fcr\u00fcn\u00fcn el yap\u0131m\u0131 ve do\u011fal yap\u0131s\u0131n\u0131n bir yans\u0131mas\u0131d\u0131r; kaliteyi veya i\u015flevselli\u011fi etkilemez. Tam aksine, her bir Gua Sha&#8217;y\u0131 e\u015fsiz ve size \u00f6zel k\u0131lar.<\/p>\n<p>Copper mineral supports the production of elastin in the connective tissues that provide skin elasticity; thus, it plays an active role in preventing signs of aging such as loss of elasticity, sagging or the formation of wrinkles.<\/p>\n<p>Copper mineral, which structurally supports the skin to maintain its bright and youthful appearance, also provides many positive effects on the scalp.<br \/>\nThere is also a very special application, unique to the OIA For More world, to add the beneficial effects of copper to your skin care routine.<br \/>\nWhen applied with the right technique and movements, Gua Sha massage supports blood and lymph circulation, helps to eliminate toxins, and increases the amount of oxygen going to skin cells. The healing effect of the Gua Sha massage is further enhanced by the miraculous effects of the copper mineral.<br \/>\nWhen applied with the right technique and movements, Gua Sha massage supports blood and lymph circulation, helps to eliminate toxins, and increases the amount of oxygen going to skin cells. The healing effect of the Gua Sha massage is further enhanced by the miraculous effects of the copper mineral.<\/p>\n<p>OIA For More Copper Gua Sha tools, which are completely handcrafted from 100% natural copper, contain all the benefits of copper at the highest level, as they are not brought into contact with fire at any stage of production.<\/p>","protected":false},"excerpt":{"rendered":"<p>A luxurious touch to your skin care. A two-piece Gua Sha set made of pure copper, helping to tighten the skin.<\/p>","protected":false},"featured_media":1152,"comment_status":"open","ping_status":"closed","template":"","meta":{"_acf_changed":false,"_seopress_robots_primary_cat":"none","_seopress_titles_title":"","_seopress_titles_desc":"","_seopress_robots_index":""},"product_brand":[],"product_cat":[78,89,91,90,17,86,16,26,27],"product_tag":[],"class_list":{"0":"post-94","1":"product","2":"type-product","3":"status-publish","4":"has-post-thumbnail","6":"product_cat-cilt-tipine-gore","7":"product_cat-kuru-cilt","8":"product_cat-karma-cilt","9":"product_cat-yagli-cilt","10":"product_cat-ihtiyaca-gore","11":"product_cat-dogal-botoks","12":"product_cat-urunler","13":"product_cat-gua-sha","14":"product_cat-setler","16":"first","17":"instock","18":"taxable","19":"shipping-taxable","20":"purchasable","21":"product-type-simple"},"acf":[],"_links":{"self":[{"href":"https:\/\/oiaformore.com\/en\/wp-json\/wp\/v2\/product\/94","targetHints":{"allow":["GET"]}}],"collection":[{"href":"https:\/\/oiaformore.com\/en\/wp-json\/wp\/v2\/product"}],"about":[{"href":"https:\/\/oiaformore.com\/en\/wp-json\/wp\/v2\/types\/product"}],"replies":[{"embeddable":true,"href":"https:\/\/oiaformore.com\/en\/wp-json\/wp\/v2\/comments?post=94"}],"version-history":[{"count":4,"href":"https:\/\/oiaformore.com\/en\/wp-json\/wp\/v2\/product\/94\/revisions"}],"predecessor-version":[{"id":2792,"href":"https:\/\/oiaformore.com\/en\/wp-json\/wp\/v2\/product\/94\/revisions\/2792"}],"wp:featuredmedia":[{"embeddable":true,"href":"https:\/\/oiaformore.com\/en\/wp-json\/wp\/v2\/media\/1152"}],"wp:attachment":[{"href":"https:\/\/oiaformore.com\/en\/wp-json\/wp\/v2\/media?parent=94"}],"wp:term":[{"taxonomy":"product_brand","embeddable":true,"href":"https:\/\/oiaformore.com\/en\/wp-json\/wp\/v2\/product_brand?post=94"},{"taxonomy":"product_cat","embeddable":true,"href":"https:\/\/oiaformore.com\/en\/wp-json\/wp\/v2\/product_cat?post=94"},{"taxonomy":"product_tag","embeddable":true,"href":"https:\/\/oiaformore.com\/en\/wp-json\/wp\/v2\/product_tag?post=94"}],"curies":[{"name":"wp","href":"https:\/\/api.w.org\/{rel}","templated":true}]}}